{"id":11044,"date":"2023-11-29T20:09:05","date_gmt":"2023-11-29T19:09:05","guid":{"rendered":"https:\/\/www.bottegaveraorvieto.it\/prodotto\/marchesi-antinori-chianti-classico-riserva-2020-tenuta-tignanello\/"},"modified":"2024-12-11T17:11:23","modified_gmt":"2024-12-11T16:11:23","slug":"marchesi-antinori-chianti-classico-riserva-2020-tenuta-tignanello","status":"publish","type":"product","link":"https:\/\/www.bottegaveraorvieto.it\/en\/product\/marchesi-antinori-chianti-classico-riserva-2020-tenuta-tignanello\/","title":{"rendered":"Marchese Antinori Chianti Classico Riserva 2020 &#8211; Tenuta Tignanello"},"content":{"rendered":"<div class=\"main-title\">Tenuta Tignanello Marchese Antinori Chianti <span class=\"xwhighlight\" data-hasqtip=\"2\">Classico<\/span> <span class=\"xwhighlight\" data-hasqtip=\"3\">Riserva<\/span> 2020<\/div>\r\n<div class=\"xw-shorten-long\">\r\n<div class=\"allcontent\">Il <b>Marchese Antinori Chianti <span class=\"xwhighlight\" data-hasqtip=\"10\">Riserva<\/span><\/b> \u00e8 un <b>vino<\/b> rosso fermo a Denominazione di Origine Controllata e Garantita (<span class=\"xwhighlight\" data-hasqtip=\"11\">DOCG<\/span>).\r\nProdotto solamente nelle annate migliori da uve <b>Sangiovese<\/b> (90%) e da uve <b>Cabernet Franc<\/b> (10%) accuratamente selezionate sia per grappolo che per acini.\r\nUn vino con una lunga tradizione che viene prodotto solo ed esclusivamente nel territorio toscano del <b>Chianti<\/b>.\r\nLe <b>viti<\/b> vengono allevate con il metodo Guyot, con quello del cordone speronato e con quello dell&#8217;archetto toscano in <b>terreni <\/b>a composizione marnoso arenacea, calcarea, non molto argillosa e sabbiosa,<b> <\/b>situati a un&#8217;altezza che non supera i <b>700 metri<\/b>. Complice un microclima che permette alle <b>uve<\/b> una lenta maturazione, determinando cos\u00ec le particolari caratteristiche chimiche e organolettiche di questo speciale <b>vino toscano<\/b>.\r\nIl vino Marchese Antinori Chianti <span class=\"xwhighlight\" data-hasqtip=\"12\">Riserva<\/span> delle <b>cantine Antinori<\/b> prende <span class=\"xwhighlight\" data-hasqtip=\"13\">corpo<\/span> dalle uve dei <b>vigneti<\/b> della Tenuta Tignanello ed \u00e8 un prodotto <b>enologico<\/b> di qualit\u00e0 molto apprezzato nel Bel Paese cos\u00ec come all&#8217;estero.Per produrre questo <b>vino<\/b>, <span class=\"xwhighlight\" data-hasqtip=\"14\">vinificazione<\/span> e <span class=\"xwhighlight\" data-hasqtip=\"15\">affinamento<\/span> si svolgono in modo separato dentro barriques in rovere ungherese e francese.\r\nLe <b>uve<\/b> dopo esser state diraspate vengono <b>pigiate<\/b> in modo soffice, quindi vengono trasferite dentro serbatoi in acciaio inox, qui il <span class=\"xwhighlight\" data-hasqtip=\"16\">mosto<\/span> subisce il processo di <b><span class=\"xwhighlight\" data-hasqtip=\"17\">macerazione<\/span><\/b> attraverso delicati rimontaggi e d\u00e9l\u00e9stage, processi che permettono di mantenere la dolcezza dei tannini, dopodich\u00e9 seguono la <b>fermentazione<\/b> alcolica, la <b>svinatura<\/b>, il trasferimento nei barriques e l&#8217;imbottigliamento. Dopo esser stato imbottigliato continua a <b>maturare<\/b> in bottiglia per 1 anno.<\/div>\r\n<\/div>","protected":false},"excerpt":{"rendered":"<h2>Marchese Antinori Chianti Classico Riserva 2020<\/h2>\n<h3>Tenuta Tignanello<\/h3>\n","protected":false},"featured_media":8884,"template":"","meta":{"_mbp_gutenberg_autopost":false},"product_brand":[],"product_cat":[65],"product_tag":[],"class_list":{"0":"post-11044","1":"product","2":"type-product","3":"status-publish","4":"has-post-thumbnail","6":"product_cat-wines-and-bubbles","8":"first","9":"onbackorder","10":"taxable","11":"shipping-taxable","12":"purchasable","13":"product-type-simple"},"yoast_head":"<!-- This site is optimized with the Yoast SEO plugin v27.3 - https:\/\/yoast.com\/product\/yoast-seo-wordpress\/ -->\n<title>Marchese Antinori Chianti Classico Riserva 2020 - Tenuta Tignanello - Bottega Vera Orvieto<\/title>\n<meta name=\"robots\" content=\"index, follow, max-snippet:-1, max-image-preview:large, max-video-preview:-1\" \/>\n<link rel=\"canonical\" href=\"https:\/\/www.bottegaveraorvieto.it\/en\/product\/marchesi-antinori-chianti-classico-riserva-2020-tenuta-tignanello\/\" \/>\n<meta property=\"og:locale\" content=\"en_US\" \/>\n<meta property=\"og:type\" content=\"article\" \/>\n<meta property=\"og:title\" content=\"Marchese Antinori Chianti Classico Riserva 2020 - Tenuta Tignanello - Bottega Vera Orvieto\" \/>\n<meta property=\"og:description\" content=\"Marchese Antinori Chianti Classico Riserva 2020 Tenuta Tignanello\" \/>\n<meta property=\"og:url\" content=\"https:\/\/www.bottegaveraorvieto.it\/en\/product\/marchesi-antinori-chianti-classico-riserva-2020-tenuta-tignanello\/\" \/>\n<meta property=\"og:site_name\" content=\"Bottega Vera Orvieto\" \/>\n<meta property=\"article:publisher\" content=\"https:\/\/www.facebook.com\/Bottegaveraorvieto\/\" \/>\n<meta property=\"article:modified_time\" content=\"2024-12-11T16:11:23+00:00\" \/>\n<meta property=\"og:image\" content=\"https:\/\/www.bottegaveraorvieto.it\/wp-content\/uploads\/2023\/11\/L_909.png\" \/>\n\t<meta property=\"og:image:width\" content=\"400\" \/>\n\t<meta property=\"og:image:height\" content=\"600\" \/>\n\t<meta property=\"og:image:type\" content=\"image\/png\" \/>\n<meta name=\"twitter:card\" content=\"summary_large_image\" \/>\n<meta name=\"twitter:label1\" content=\"Est. reading time\" \/>\n\t<meta name=\"twitter:data1\" content=\"2 minutes\" \/>\n<script type=\"application\/ld+json\" class=\"yoast-schema-graph\">{\"@context\":\"https:\\\/\\\/schema.org\",\"@graph\":[{\"@type\":\"WebPage\",\"@id\":\"https:\\\/\\\/www.bottegaveraorvieto.it\\\/en\\\/product\\\/marchesi-antinori-chianti-classico-riserva-2020-tenuta-tignanello\\\/\",\"url\":\"https:\\\/\\\/www.bottegaveraorvieto.it\\\/en\\\/product\\\/marchesi-antinori-chianti-classico-riserva-2020-tenuta-tignanello\\\/\",\"name\":\"Marchese Antinori Chianti Classico Riserva 2020 - Tenuta Tignanello - Bottega Vera Orvieto\",\"isPartOf\":{\"@id\":\"https:\\\/\\\/www.bottegaveraorvieto.it\\\/#website\"},\"primaryImageOfPage\":{\"@id\":\"https:\\\/\\\/www.bottegaveraorvieto.it\\\/en\\\/product\\\/marchesi-antinori-chianti-classico-riserva-2020-tenuta-tignanello\\\/#primaryimage\"},\"image\":{\"@id\":\"https:\\\/\\\/www.bottegaveraorvieto.it\\\/en\\\/product\\\/marchesi-antinori-chianti-classico-riserva-2020-tenuta-tignanello\\\/#primaryimage\"},\"thumbnailUrl\":\"https:\\\/\\\/www.bottegaveraorvieto.it\\\/wp-content\\\/uploads\\\/2023\\\/11\\\/L_909.png\",\"datePublished\":\"2023-11-29T19:09:05+00:00\",\"dateModified\":\"2024-12-11T16:11:23+00:00\",\"breadcrumb\":{\"@id\":\"https:\\\/\\\/www.bottegaveraorvieto.it\\\/en\\\/product\\\/marchesi-antinori-chianti-classico-riserva-2020-tenuta-tignanello\\\/#breadcrumb\"},\"inLanguage\":\"en-US\",\"potentialAction\":[{\"@type\":\"ReadAction\",\"target\":[\"https:\\\/\\\/www.bottegaveraorvieto.it\\\/en\\\/product\\\/marchesi-antinori-chianti-classico-riserva-2020-tenuta-tignanello\\\/\"]}]},{\"@type\":\"ImageObject\",\"inLanguage\":\"en-US\",\"@id\":\"https:\\\/\\\/www.bottegaveraorvieto.it\\\/en\\\/product\\\/marchesi-antinori-chianti-classico-riserva-2020-tenuta-tignanello\\\/#primaryimage\",\"url\":\"https:\\\/\\\/www.bottegaveraorvieto.it\\\/wp-content\\\/uploads\\\/2023\\\/11\\\/L_909.png\",\"contentUrl\":\"https:\\\/\\\/www.bottegaveraorvieto.it\\\/wp-content\\\/uploads\\\/2023\\\/11\\\/L_909.png\",\"width\":400,\"height\":600},{\"@type\":\"BreadcrumbList\",\"@id\":\"https:\\\/\\\/www.bottegaveraorvieto.it\\\/en\\\/product\\\/marchesi-antinori-chianti-classico-riserva-2020-tenuta-tignanello\\\/#breadcrumb\",\"itemListElement\":[{\"@type\":\"ListItem\",\"position\":1,\"name\":\"Home\",\"item\":\"https:\\\/\\\/www.bottegaveraorvieto.it\\\/en\\\/\"},{\"@type\":\"ListItem\",\"position\":2,\"name\":\"Marchese Antinori Chianti Classico Riserva 2020 &#8211; Tenuta Tignanello\"}]},{\"@type\":\"WebSite\",\"@id\":\"https:\\\/\\\/www.bottegaveraorvieto.it\\\/#website\",\"url\":\"https:\\\/\\\/www.bottegaveraorvieto.it\\\/\",\"name\":\"Bottega Vera Orvieto\",\"description\":\"\",\"publisher\":{\"@id\":\"https:\\\/\\\/www.bottegaveraorvieto.it\\\/#organization\"},\"potentialAction\":[{\"@type\":\"SearchAction\",\"target\":{\"@type\":\"EntryPoint\",\"urlTemplate\":\"https:\\\/\\\/www.bottegaveraorvieto.it\\\/?s={search_term_string}\"},\"query-input\":{\"@type\":\"PropertyValueSpecification\",\"valueRequired\":true,\"valueName\":\"search_term_string\"}}],\"inLanguage\":\"en-US\"},{\"@type\":\"Organization\",\"@id\":\"https:\\\/\\\/www.bottegaveraorvieto.it\\\/#organization\",\"name\":\"Bottega V\u00e8ra\",\"url\":\"https:\\\/\\\/www.bottegaveraorvieto.it\\\/\",\"logo\":{\"@type\":\"ImageObject\",\"inLanguage\":\"en-US\",\"@id\":\"https:\\\/\\\/www.bottegaveraorvieto.it\\\/#\\\/schema\\\/logo\\\/image\\\/\",\"url\":\"https:\\\/\\\/www.bottegaveraorvieto.it\\\/wp-content\\\/uploads\\\/2023\\\/09\\\/40007778_834510616745002_8068869022210326528_n.jpg\",\"contentUrl\":\"https:\\\/\\\/www.bottegaveraorvieto.it\\\/wp-content\\\/uploads\\\/2023\\\/09\\\/40007778_834510616745002_8068869022210326528_n.jpg\",\"width\":1000,\"height\":667,\"caption\":\"Bottega V\u00e8ra\"},\"image\":{\"@id\":\"https:\\\/\\\/www.bottegaveraorvieto.it\\\/#\\\/schema\\\/logo\\\/image\\\/\"},\"sameAs\":[\"https:\\\/\\\/www.facebook.com\\\/Bottegaveraorvieto\\\/\",\"https:\\\/\\\/www.instagram.com\\\/bottegaveraorvieto\\\/\"]}]}<\/script>\n<!-- \/ Yoast SEO plugin. -->","yoast_head_json":{"title":"Marchese Antinori Chianti Classico Riserva 2020 - Tenuta Tignanello - Bottega Vera Orvieto","robots":{"index":"index","follow":"follow","max-snippet":"max-snippet:-1","max-image-preview":"max-image-preview:large","max-video-preview":"max-video-preview:-1"},"canonical":"https:\/\/www.bottegaveraorvieto.it\/en\/product\/marchesi-antinori-chianti-classico-riserva-2020-tenuta-tignanello\/","og_locale":"en_US","og_type":"article","og_title":"Marchese Antinori Chianti Classico Riserva 2020 - Tenuta Tignanello - Bottega Vera Orvieto","og_description":"Marchese Antinori Chianti Classico Riserva 2020 Tenuta Tignanello","og_url":"https:\/\/www.bottegaveraorvieto.it\/en\/product\/marchesi-antinori-chianti-classico-riserva-2020-tenuta-tignanello\/","og_site_name":"Bottega Vera Orvieto","article_publisher":"https:\/\/www.facebook.com\/Bottegaveraorvieto\/","article_modified_time":"2024-12-11T16:11:23+00:00","og_image":[{"width":400,"height":600,"url":"https:\/\/www.bottegaveraorvieto.it\/wp-content\/uploads\/2023\/11\/L_909.png","type":"image\/png"}],"twitter_card":"summary_large_image","twitter_misc":{"Est. reading time":"2 minutes"},"schema":{"@context":"https:\/\/schema.org","@graph":[{"@type":"WebPage","@id":"https:\/\/www.bottegaveraorvieto.it\/en\/product\/marchesi-antinori-chianti-classico-riserva-2020-tenuta-tignanello\/","url":"https:\/\/www.bottegaveraorvieto.it\/en\/product\/marchesi-antinori-chianti-classico-riserva-2020-tenuta-tignanello\/","name":"Marchese Antinori Chianti Classico Riserva 2020 - Tenuta Tignanello - Bottega Vera Orvieto","isPartOf":{"@id":"https:\/\/www.bottegaveraorvieto.it\/#website"},"primaryImageOfPage":{"@id":"https:\/\/www.bottegaveraorvieto.it\/en\/product\/marchesi-antinori-chianti-classico-riserva-2020-tenuta-tignanello\/#primaryimage"},"image":{"@id":"https:\/\/www.bottegaveraorvieto.it\/en\/product\/marchesi-antinori-chianti-classico-riserva-2020-tenuta-tignanello\/#primaryimage"},"thumbnailUrl":"https:\/\/www.bottegaveraorvieto.it\/wp-content\/uploads\/2023\/11\/L_909.png","datePublished":"2023-11-29T19:09:05+00:00","dateModified":"2024-12-11T16:11:23+00:00","breadcrumb":{"@id":"https:\/\/www.bottegaveraorvieto.it\/en\/product\/marchesi-antinori-chianti-classico-riserva-2020-tenuta-tignanello\/#breadcrumb"},"inLanguage":"en-US","potentialAction":[{"@type":"ReadAction","target":["https:\/\/www.bottegaveraorvieto.it\/en\/product\/marchesi-antinori-chianti-classico-riserva-2020-tenuta-tignanello\/"]}]},{"@type":"ImageObject","inLanguage":"en-US","@id":"https:\/\/www.bottegaveraorvieto.it\/en\/product\/marchesi-antinori-chianti-classico-riserva-2020-tenuta-tignanello\/#primaryimage","url":"https:\/\/www.bottegaveraorvieto.it\/wp-content\/uploads\/2023\/11\/L_909.png","contentUrl":"https:\/\/www.bottegaveraorvieto.it\/wp-content\/uploads\/2023\/11\/L_909.png","width":400,"height":600},{"@type":"BreadcrumbList","@id":"https:\/\/www.bottegaveraorvieto.it\/en\/product\/marchesi-antinori-chianti-classico-riserva-2020-tenuta-tignanello\/#breadcrumb","itemListElement":[{"@type":"ListItem","position":1,"name":"Home","item":"https:\/\/www.bottegaveraorvieto.it\/en\/"},{"@type":"ListItem","position":2,"name":"Marchese Antinori Chianti Classico Riserva 2020 &#8211; Tenuta Tignanello"}]},{"@type":"WebSite","@id":"https:\/\/www.bottegaveraorvieto.it\/#website","url":"https:\/\/www.bottegaveraorvieto.it\/","name":"Bottega Vera Orvieto","description":"","publisher":{"@id":"https:\/\/www.bottegaveraorvieto.it\/#organization"},"potentialAction":[{"@type":"SearchAction","target":{"@type":"EntryPoint","urlTemplate":"https:\/\/www.bottegaveraorvieto.it\/?s={search_term_string}"},"query-input":{"@type":"PropertyValueSpecification","valueRequired":true,"valueName":"search_term_string"}}],"inLanguage":"en-US"},{"@type":"Organization","@id":"https:\/\/www.bottegaveraorvieto.it\/#organization","name":"Bottega V\u00e8ra","url":"https:\/\/www.bottegaveraorvieto.it\/","logo":{"@type":"ImageObject","inLanguage":"en-US","@id":"https:\/\/www.bottegaveraorvieto.it\/#\/schema\/logo\/image\/","url":"https:\/\/www.bottegaveraorvieto.it\/wp-content\/uploads\/2023\/09\/40007778_834510616745002_8068869022210326528_n.jpg","contentUrl":"https:\/\/www.bottegaveraorvieto.it\/wp-content\/uploads\/2023\/09\/40007778_834510616745002_8068869022210326528_n.jpg","width":1000,"height":667,"caption":"Bottega V\u00e8ra"},"image":{"@id":"https:\/\/www.bottegaveraorvieto.it\/#\/schema\/logo\/image\/"},"sameAs":["https:\/\/www.facebook.com\/Bottegaveraorvieto\/","https:\/\/www.instagram.com\/bottegaveraorvieto\/"]}]}},"_links":{"self":[{"href":"https:\/\/www.bottegaveraorvieto.it\/en\/wp-json\/wp\/v2\/product\/11044","targetHints":{"allow":["GET"]}}],"collection":[{"href":"https:\/\/www.bottegaveraorvieto.it\/en\/wp-json\/wp\/v2\/product"}],"about":[{"href":"https:\/\/www.bottegaveraorvieto.it\/en\/wp-json\/wp\/v2\/types\/product"}],"version-history":[{"count":1,"href":"https:\/\/www.bottegaveraorvieto.it\/en\/wp-json\/wp\/v2\/product\/11044\/revisions"}],"predecessor-version":[{"id":11091,"href":"https:\/\/www.bottegaveraorvieto.it\/en\/wp-json\/wp\/v2\/product\/11044\/revisions\/11091"}],"wp:featuredmedia":[{"embeddable":true,"href":"https:\/\/www.bottegaveraorvieto.it\/en\/wp-json\/wp\/v2\/media\/8884"}],"wp:attachment":[{"href":"https:\/\/www.bottegaveraorvieto.it\/en\/wp-json\/wp\/v2\/media?parent=11044"}],"wp:term":[{"taxonomy":"product_brand","embeddable":true,"href":"https:\/\/www.bottegaveraorvieto.it\/en\/wp-json\/wp\/v2\/product_brand?post=11044"},{"taxonomy":"product_cat","embeddable":true,"href":"https:\/\/www.bottegaveraorvieto.it\/en\/wp-json\/wp\/v2\/product_cat?post=11044"},{"taxonomy":"product_tag","embeddable":true,"href":"https:\/\/www.bottegaveraorvieto.it\/en\/wp-json\/wp\/v2\/product_tag?post=11044"}],"curies":[{"name":"wp","href":"https:\/\/api.w.org\/{rel}","templated":true}]}}