{"id":11068,"date":"2023-08-31T16:25:54","date_gmt":"2023-08-31T14:25:54","guid":{"rendered":"https:\/\/www.bottegaveraorvieto.it\/prodotto\/castagnolo-orvieto-class-sup-2019-barberani\/"},"modified":"2023-08-31T16:25:54","modified_gmt":"2023-08-31T14:25:54","slug":"castagnolo-orvieto-class-sup-2019-barberani","status":"publish","type":"product","link":"https:\/\/www.bottegaveraorvieto.it\/en\/product\/castagnolo-orvieto-class-sup-2019-barberani\/","title":{"rendered":"Castagnolo Orvieto Class.Sup. 2019 &#8211; Barberani"},"content":{"rendered":"<BR>\r\n<strong>ESTENSIONE VIGNETO<\/strong>: 15 ha circa\r\n<BR>\r\n<strong>ESPOSIZIONE<\/strong>: Sud-Ovest\r\n<BR>\r\n<strong>ALTITUDINE<\/strong>: 200-300 slm\r\n<BR>\r\n<strong>SUOLO<\/strong>: Sedimentario, con presenza di fossili marini, ciottoli e agglomerati calcarei\r\n<BR>\r\n<strong>SISTEMA DI ALLEVAMENTO<\/strong>: Guyot doppio\r\n<BR>\r\n<strong>DENSITA&#8217; DI IMPIANTO<\/strong>: 4.500 ceppi per ettaro\r\n<BR>\r\n<strong>RESA PER ETTARO<\/strong>: 70 qli circa\r\n<BR>\r\n<strong>VENDEMMIA<\/strong>: Manuale\r\n<BR>\r\n<strong>PERIODO DI VENDEMMIA<\/strong>: Agosto-Settembre\r\n<BR>\r\n<strong>FERMENTAZIONE<\/strong>: Con lieviti autoctoni, in acciaio per 20 giorni\r\n<BR>\r\n<strong>TEMPERATURA DI FERMENTAZIONE<\/strong>: 15-20 \u00b0C\r\n<BR>\r\n<strong>AGRICOLTURA<\/strong>: Di ispirazione biodinamica. Nelle nostre vigne non usiamo erbicidi. Non usiamo pesticidi. Le fertilizzazioni sono condotte con preparati biodinamici, interramento dei tralci e sovescio di erbe e leguminose.\r\n<BR>\r\n<strong>ETA&#8217; DELLE VITI<\/strong>: 30 anni\r\n<BR>\r\n<strong>COLORE<\/strong>: Giallo paglierino\r\n<BR>\r\n<strong>PROFUMO<\/strong>:Fresco, minerale e persistente, ha naturale suadenza e e grande bevibilit\u00e0\r\n<BR>\r\n<strong>SAPORE<\/strong>: Untuoso e suadente, di armoniosa morbidezza, dolce e persistente\r\n<BR>\r\n<strong>ABBINAMENTO<\/strong>: Si consiglia l\u2019abbinamento con antipasti di terra e mare, primi piatti, pesce e carni bianche. Ottimo anche come aperitivo\r\n<BR>\r\n<strong>TEMPERATURA DI SERVIZIO<\/strong>: 10-12 \u00b0C\r\n<BR>\r\n\r\n<strong>INFORMAZIONI EXTRA:<\/strong>Interpretazione pi\u00f9 moderna ed innovativa della tradizione dell\u2019Orvieto Classico, \u00e8 il risultato di un\u2019accurata selezione qualitativa, grappolo per grappolo, nei nostri vigneti. Esprime al meglio tutte le potenzialit\u00e0 del terroir di una zona di produzione altamente vocata. Dotato di estrema bevibilit\u00e0 e complessit\u00e0, \u00e8 l\u2019incarnazione della nostra passione per il vino.","protected":false},"excerpt":{"rendered":"<div>\n<h4>CASTAGNOLO ORVIETO CLASS.SUP 2019<br \/>Barberani<\/h4>\n<\/div>\n","protected":false},"featured_media":4911,"template":"","meta":{"_mbp_gutenberg_autopost":false},"product_brand":[],"product_cat":[71,65],"product_tag":[],"class_list":{"0":"post-11068","1":"product","2":"type-product","3":"status-publish","4":"has-post-thumbnail","6":"product_cat-regali-di-natale","7":"product_cat-wines-and-bubbles","9":"first","10":"instock","11":"taxable","12":"shipping-taxable","13":"purchasable","14":"product-type-simple"},"yoast_head":"<!-- This site is optimized with the Yoast SEO plugin v27.3 - https:\/\/yoast.com\/product\/yoast-seo-wordpress\/ -->\n<title>Castagnolo Orvieto Class.Sup. 2019 - Barberani - Bottega Vera Orvieto<\/title>\n<meta name=\"robots\" content=\"index, follow, max-snippet:-1, max-image-preview:large, max-video-preview:-1\" \/>\n<link rel=\"canonical\" href=\"https:\/\/www.bottegaveraorvieto.it\/en\/product\/castagnolo-orvieto-class-sup-2019-barberani\/\" \/>\n<meta property=\"og:locale\" content=\"en_US\" \/>\n<meta property=\"og:type\" content=\"article\" \/>\n<meta property=\"og:title\" content=\"Castagnolo Orvieto Class.Sup. 2019 - Barberani - Bottega Vera Orvieto\" \/>\n<meta property=\"og:description\" content=\"CASTAGNOLO ORVIETO CLASS.SUP 2019Barberani\" \/>\n<meta property=\"og:url\" content=\"https:\/\/www.bottegaveraorvieto.it\/en\/product\/castagnolo-orvieto-class-sup-2019-barberani\/\" \/>\n<meta property=\"og:site_name\" content=\"Bottega Vera Orvieto\" \/>\n<meta property=\"article:publisher\" content=\"https:\/\/www.facebook.com\/Bottegaveraorvieto\/\" \/>\n<meta name=\"twitter:card\" content=\"summary_large_image\" \/>\n<meta name=\"twitter:label1\" content=\"Est. reading time\" \/>\n\t<meta name=\"twitter:data1\" content=\"1 minute\" \/>\n<script type=\"application\/ld+json\" class=\"yoast-schema-graph\">{\"@context\":\"https:\\\/\\\/schema.org\",\"@graph\":[{\"@type\":\"WebPage\",\"@id\":\"https:\\\/\\\/www.bottegaveraorvieto.it\\\/en\\\/product\\\/castagnolo-orvieto-class-sup-2019-barberani\\\/\",\"url\":\"https:\\\/\\\/www.bottegaveraorvieto.it\\\/en\\\/product\\\/castagnolo-orvieto-class-sup-2019-barberani\\\/\",\"name\":\"Castagnolo Orvieto Class.Sup. 2019 - Barberani - Bottega Vera Orvieto\",\"isPartOf\":{\"@id\":\"https:\\\/\\\/www.bottegaveraorvieto.it\\\/#website\"},\"primaryImageOfPage\":{\"@id\":\"https:\\\/\\\/www.bottegaveraorvieto.it\\\/en\\\/product\\\/castagnolo-orvieto-class-sup-2019-barberani\\\/#primaryimage\"},\"image\":{\"@id\":\"https:\\\/\\\/www.bottegaveraorvieto.it\\\/en\\\/product\\\/castagnolo-orvieto-class-sup-2019-barberani\\\/#primaryimage\"},\"thumbnailUrl\":\"https:\\\/\\\/www.bottegaveraorvieto.it\\\/wp-content\\\/uploads\\\/2023\\\/08\\\/CASTAGNOLO.jpg\",\"datePublished\":\"2023-08-31T14:25:54+00:00\",\"breadcrumb\":{\"@id\":\"https:\\\/\\\/www.bottegaveraorvieto.it\\\/en\\\/product\\\/castagnolo-orvieto-class-sup-2019-barberani\\\/#breadcrumb\"},\"inLanguage\":\"en-US\",\"potentialAction\":[{\"@type\":\"ReadAction\",\"target\":[\"https:\\\/\\\/www.bottegaveraorvieto.it\\\/en\\\/product\\\/castagnolo-orvieto-class-sup-2019-barberani\\\/\"]}]},{\"@type\":\"ImageObject\",\"inLanguage\":\"en-US\",\"@id\":\"https:\\\/\\\/www.bottegaveraorvieto.it\\\/en\\\/product\\\/castagnolo-orvieto-class-sup-2019-barberani\\\/#primaryimage\",\"url\":\"https:\\\/\\\/www.bottegaveraorvieto.it\\\/wp-content\\\/uploads\\\/2023\\\/08\\\/CASTAGNOLO.jpg\",\"contentUrl\":\"https:\\\/\\\/www.bottegaveraorvieto.it\\\/wp-content\\\/uploads\\\/2023\\\/08\\\/CASTAGNOLO.jpg\",\"width\":550,\"height\":660},{\"@type\":\"BreadcrumbList\",\"@id\":\"https:\\\/\\\/www.bottegaveraorvieto.it\\\/en\\\/product\\\/castagnolo-orvieto-class-sup-2019-barberani\\\/#breadcrumb\",\"itemListElement\":[{\"@type\":\"ListItem\",\"position\":1,\"name\":\"Home\",\"item\":\"https:\\\/\\\/www.bottegaveraorvieto.it\\\/en\\\/\"},{\"@type\":\"ListItem\",\"position\":2,\"name\":\"Castagnolo Orvieto Class.Sup. 2019 &#8211; Barberani\"}]},{\"@type\":\"WebSite\",\"@id\":\"https:\\\/\\\/www.bottegaveraorvieto.it\\\/#website\",\"url\":\"https:\\\/\\\/www.bottegaveraorvieto.it\\\/\",\"name\":\"Bottega Vera Orvieto\",\"description\":\"\",\"publisher\":{\"@id\":\"https:\\\/\\\/www.bottegaveraorvieto.it\\\/#organization\"},\"potentialAction\":[{\"@type\":\"SearchAction\",\"target\":{\"@type\":\"EntryPoint\",\"urlTemplate\":\"https:\\\/\\\/www.bottegaveraorvieto.it\\\/?s={search_term_string}\"},\"query-input\":{\"@type\":\"PropertyValueSpecification\",\"valueRequired\":true,\"valueName\":\"search_term_string\"}}],\"inLanguage\":\"en-US\"},{\"@type\":\"Organization\",\"@id\":\"https:\\\/\\\/www.bottegaveraorvieto.it\\\/#organization\",\"name\":\"Bottega V\u00e8ra\",\"url\":\"https:\\\/\\\/www.bottegaveraorvieto.it\\\/\",\"logo\":{\"@type\":\"ImageObject\",\"inLanguage\":\"en-US\",\"@id\":\"https:\\\/\\\/www.bottegaveraorvieto.it\\\/#\\\/schema\\\/logo\\\/image\\\/\",\"url\":\"https:\\\/\\\/www.bottegaveraorvieto.it\\\/wp-content\\\/uploads\\\/2023\\\/09\\\/40007778_834510616745002_8068869022210326528_n.jpg\",\"contentUrl\":\"https:\\\/\\\/www.bottegaveraorvieto.it\\\/wp-content\\\/uploads\\\/2023\\\/09\\\/40007778_834510616745002_8068869022210326528_n.jpg\",\"width\":1000,\"height\":667,\"caption\":\"Bottega V\u00e8ra\"},\"image\":{\"@id\":\"https:\\\/\\\/www.bottegaveraorvieto.it\\\/#\\\/schema\\\/logo\\\/image\\\/\"},\"sameAs\":[\"https:\\\/\\\/www.facebook.com\\\/Bottegaveraorvieto\\\/\",\"https:\\\/\\\/www.instagram.com\\\/bottegaveraorvieto\\\/\"]}]}<\/script>\n<!-- \/ Yoast SEO plugin. -->","yoast_head_json":{"title":"Castagnolo Orvieto Class.Sup. 2019 - Barberani - Bottega Vera Orvieto","robots":{"index":"index","follow":"follow","max-snippet":"max-snippet:-1","max-image-preview":"max-image-preview:large","max-video-preview":"max-video-preview:-1"},"canonical":"https:\/\/www.bottegaveraorvieto.it\/en\/product\/castagnolo-orvieto-class-sup-2019-barberani\/","og_locale":"en_US","og_type":"article","og_title":"Castagnolo Orvieto Class.Sup. 2019 - Barberani - Bottega Vera Orvieto","og_description":"CASTAGNOLO ORVIETO CLASS.SUP 2019Barberani","og_url":"https:\/\/www.bottegaveraorvieto.it\/en\/product\/castagnolo-orvieto-class-sup-2019-barberani\/","og_site_name":"Bottega Vera Orvieto","article_publisher":"https:\/\/www.facebook.com\/Bottegaveraorvieto\/","twitter_card":"summary_large_image","twitter_misc":{"Est. reading time":"1 minute"},"schema":{"@context":"https:\/\/schema.org","@graph":[{"@type":"WebPage","@id":"https:\/\/www.bottegaveraorvieto.it\/en\/product\/castagnolo-orvieto-class-sup-2019-barberani\/","url":"https:\/\/www.bottegaveraorvieto.it\/en\/product\/castagnolo-orvieto-class-sup-2019-barberani\/","name":"Castagnolo Orvieto Class.Sup. 2019 - Barberani - Bottega Vera Orvieto","isPartOf":{"@id":"https:\/\/www.bottegaveraorvieto.it\/#website"},"primaryImageOfPage":{"@id":"https:\/\/www.bottegaveraorvieto.it\/en\/product\/castagnolo-orvieto-class-sup-2019-barberani\/#primaryimage"},"image":{"@id":"https:\/\/www.bottegaveraorvieto.it\/en\/product\/castagnolo-orvieto-class-sup-2019-barberani\/#primaryimage"},"thumbnailUrl":"https:\/\/www.bottegaveraorvieto.it\/wp-content\/uploads\/2023\/08\/CASTAGNOLO.jpg","datePublished":"2023-08-31T14:25:54+00:00","breadcrumb":{"@id":"https:\/\/www.bottegaveraorvieto.it\/en\/product\/castagnolo-orvieto-class-sup-2019-barberani\/#breadcrumb"},"inLanguage":"en-US","potentialAction":[{"@type":"ReadAction","target":["https:\/\/www.bottegaveraorvieto.it\/en\/product\/castagnolo-orvieto-class-sup-2019-barberani\/"]}]},{"@type":"ImageObject","inLanguage":"en-US","@id":"https:\/\/www.bottegaveraorvieto.it\/en\/product\/castagnolo-orvieto-class-sup-2019-barberani\/#primaryimage","url":"https:\/\/www.bottegaveraorvieto.it\/wp-content\/uploads\/2023\/08\/CASTAGNOLO.jpg","contentUrl":"https:\/\/www.bottegaveraorvieto.it\/wp-content\/uploads\/2023\/08\/CASTAGNOLO.jpg","width":550,"height":660},{"@type":"BreadcrumbList","@id":"https:\/\/www.bottegaveraorvieto.it\/en\/product\/castagnolo-orvieto-class-sup-2019-barberani\/#breadcrumb","itemListElement":[{"@type":"ListItem","position":1,"name":"Home","item":"https:\/\/www.bottegaveraorvieto.it\/en\/"},{"@type":"ListItem","position":2,"name":"Castagnolo Orvieto Class.Sup. 2019 &#8211; Barberani"}]},{"@type":"WebSite","@id":"https:\/\/www.bottegaveraorvieto.it\/#website","url":"https:\/\/www.bottegaveraorvieto.it\/","name":"Bottega Vera Orvieto","description":"","publisher":{"@id":"https:\/\/www.bottegaveraorvieto.it\/#organization"},"potentialAction":[{"@type":"SearchAction","target":{"@type":"EntryPoint","urlTemplate":"https:\/\/www.bottegaveraorvieto.it\/?s={search_term_string}"},"query-input":{"@type":"PropertyValueSpecification","valueRequired":true,"valueName":"search_term_string"}}],"inLanguage":"en-US"},{"@type":"Organization","@id":"https:\/\/www.bottegaveraorvieto.it\/#organization","name":"Bottega V\u00e8ra","url":"https:\/\/www.bottegaveraorvieto.it\/","logo":{"@type":"ImageObject","inLanguage":"en-US","@id":"https:\/\/www.bottegaveraorvieto.it\/#\/schema\/logo\/image\/","url":"https:\/\/www.bottegaveraorvieto.it\/wp-content\/uploads\/2023\/09\/40007778_834510616745002_8068869022210326528_n.jpg","contentUrl":"https:\/\/www.bottegaveraorvieto.it\/wp-content\/uploads\/2023\/09\/40007778_834510616745002_8068869022210326528_n.jpg","width":1000,"height":667,"caption":"Bottega V\u00e8ra"},"image":{"@id":"https:\/\/www.bottegaveraorvieto.it\/#\/schema\/logo\/image\/"},"sameAs":["https:\/\/www.facebook.com\/Bottegaveraorvieto\/","https:\/\/www.instagram.com\/bottegaveraorvieto\/"]}]}},"_links":{"self":[{"href":"https:\/\/www.bottegaveraorvieto.it\/en\/wp-json\/wp\/v2\/product\/11068","targetHints":{"allow":["GET"]}}],"collection":[{"href":"https:\/\/www.bottegaveraorvieto.it\/en\/wp-json\/wp\/v2\/product"}],"about":[{"href":"https:\/\/www.bottegaveraorvieto.it\/en\/wp-json\/wp\/v2\/types\/product"}],"version-history":[{"count":0,"href":"https:\/\/www.bottegaveraorvieto.it\/en\/wp-json\/wp\/v2\/product\/11068\/revisions"}],"wp:featuredmedia":[{"embeddable":true,"href":"https:\/\/www.bottegaveraorvieto.it\/en\/wp-json\/wp\/v2\/media\/4911"}],"wp:attachment":[{"href":"https:\/\/www.bottegaveraorvieto.it\/en\/wp-json\/wp\/v2\/media?parent=11068"}],"wp:term":[{"taxonomy":"product_brand","embeddable":true,"href":"https:\/\/www.bottegaveraorvieto.it\/en\/wp-json\/wp\/v2\/product_brand?post=11068"},{"taxonomy":"product_cat","embeddable":true,"href":"https:\/\/www.bottegaveraorvieto.it\/en\/wp-json\/wp\/v2\/product_cat?post=11068"},{"taxonomy":"product_tag","embeddable":true,"href":"https:\/\/www.bottegaveraorvieto.it\/en\/wp-json\/wp\/v2\/product_tag?post=11068"}],"curies":[{"name":"wp","href":"https:\/\/api.w.org\/{rel}","templated":true}]}}