{"id":5360,"date":"2023-08-31T16:26:33","date_gmt":"2023-08-31T14:26:33","guid":{"rendered":"https:\/\/www.bottegaveraorvieto.it\/prodotto\/sella-di-san-venanzo-a-fette-sv-200gr\/"},"modified":"2023-08-31T16:26:33","modified_gmt":"2023-08-31T14:26:33","slug":"sella-di-san-venanzo-a-fette-sv-200gr","status":"publish","type":"product","link":"https:\/\/www.bottegaveraorvieto.it\/en\/product\/sella-di-san-venanzo-a-fette-sv-200gr\/","title":{"rendered":"Sella di San Venanzo a fette sv 200gr"},"content":{"rendered":"","protected":false},"excerpt":{"rendered":"<p>La Sella di San Venanzo. E&#8217; nata a seguito di un quesito che si \u00e8 posto il titolare: <em><strong>perch\u00e9 non lasciare del magro su quello straordinario prodotto che \u00e8 il lardo?<\/strong><\/em>\u00a0Da questa riflessione \u00e8 nata la Sella,\u00a0<strong><em>prodotto a marchio registrato<\/em><\/strong>, ottenuto dalla lavorazione del lombo, con annessa la parte del lardo di schiena. Caratterizzata da un intenso profumo ed un gusto speziato ed aromatizzato che la rendono un prodotto versatile ed innovativo in campo culinario.<\/p>\n<p>I prodotti vengono messi sottovuoto<\/p>\n","protected":false},"featured_media":4989,"template":"","meta":{"_mbp_gutenberg_autopost":false},"product_brand":[],"product_cat":[64,63],"product_tag":[69,70],"class_list":{"0":"post-5360","1":"product","2":"type-product","3":"status-publish","4":"has-post-thumbnail","6":"product_cat-cold-cuts-and-cheeses","7":"product_cat-pasta-and-condiments","8":"product_tag-salse-en","9":"product_tag-vino-en","11":"first","12":"instock","13":"taxable","14":"shipping-taxable","15":"purchasable","16":"product-type-simple"},"yoast_head":"<!-- This site is optimized with the Yoast SEO plugin v27.3 - https:\/\/yoast.com\/product\/yoast-seo-wordpress\/ -->\n<title>Sella di San Venanzo a fette sv 200gr - Bottega Vera Orvieto<\/title>\n<meta name=\"robots\" content=\"index, follow, max-snippet:-1, max-image-preview:large, max-video-preview:-1\" \/>\n<link rel=\"canonical\" href=\"https:\/\/www.bottegaveraorvieto.it\/en\/prodotto\/sella-di-san-venanzo-a-fette-sv-200gr\/\" \/>\n<meta property=\"og:locale\" content=\"en_US\" \/>\n<meta property=\"og:type\" content=\"article\" \/>\n<meta property=\"og:title\" content=\"Sella di San Venanzo a fette sv 200gr - Bottega Vera Orvieto\" \/>\n<meta property=\"og:description\" content=\"La Sella di San Venanzo. E&#039; nata a seguito di un quesito che si \u00e8 posto il titolare: perch\u00e9 non lasciare del magro su quello straordinario prodotto che \u00e8 il lardo?\u00a0Da questa riflessione \u00e8 nata la Sella,\u00a0prodotto a marchio registrato, ottenuto dalla lavorazione del lombo, con annessa la parte del lardo di schiena. Caratterizzata da un intenso profumo ed un gusto speziato ed aromatizzato che la rendono un prodotto versatile ed innovativo in campo culinario.  I prodotti vengono messi sottovuoto\" \/>\n<meta property=\"og:url\" content=\"https:\/\/www.bottegaveraorvieto.it\/en\/prodotto\/sella-di-san-venanzo-a-fette-sv-200gr\/\" \/>\n<meta property=\"og:site_name\" content=\"Bottega Vera Orvieto\" \/>\n<meta property=\"article:publisher\" content=\"https:\/\/www.facebook.com\/Bottegaveraorvieto\/\" \/>\n<meta name=\"twitter:card\" content=\"summary_large_image\" \/>\n<script type=\"application\/ld+json\" class=\"yoast-schema-graph\">{\"@context\":\"https:\\\/\\\/schema.org\",\"@graph\":[{\"@type\":\"WebPage\",\"@id\":\"https:\\\/\\\/www.bottegaveraorvieto.it\\\/en\\\/prodotto\\\/sella-di-san-venanzo-a-fette-sv-200gr\\\/\",\"url\":\"https:\\\/\\\/www.bottegaveraorvieto.it\\\/en\\\/prodotto\\\/sella-di-san-venanzo-a-fette-sv-200gr\\\/\",\"name\":\"Sella di San Venanzo a fette sv 200gr - Bottega Vera Orvieto\",\"isPartOf\":{\"@id\":\"https:\\\/\\\/www.bottegaveraorvieto.it\\\/#website\"},\"primaryImageOfPage\":{\"@id\":\"https:\\\/\\\/www.bottegaveraorvieto.it\\\/en\\\/prodotto\\\/sella-di-san-venanzo-a-fette-sv-200gr\\\/#primaryimage\"},\"image\":{\"@id\":\"https:\\\/\\\/www.bottegaveraorvieto.it\\\/en\\\/prodotto\\\/sella-di-san-venanzo-a-fette-sv-200gr\\\/#primaryimage\"},\"thumbnailUrl\":\"https:\\\/\\\/www.bottegaveraorvieto.it\\\/wp-content\\\/uploads\\\/2023\\\/08\\\/0022.jpg\",\"datePublished\":\"2023-08-31T14:26:33+00:00\",\"breadcrumb\":{\"@id\":\"https:\\\/\\\/www.bottegaveraorvieto.it\\\/en\\\/prodotto\\\/sella-di-san-venanzo-a-fette-sv-200gr\\\/#breadcrumb\"},\"inLanguage\":\"en-US\",\"potentialAction\":[{\"@type\":\"ReadAction\",\"target\":[\"https:\\\/\\\/www.bottegaveraorvieto.it\\\/en\\\/prodotto\\\/sella-di-san-venanzo-a-fette-sv-200gr\\\/\"]}]},{\"@type\":\"ImageObject\",\"inLanguage\":\"en-US\",\"@id\":\"https:\\\/\\\/www.bottegaveraorvieto.it\\\/en\\\/prodotto\\\/sella-di-san-venanzo-a-fette-sv-200gr\\\/#primaryimage\",\"url\":\"https:\\\/\\\/www.bottegaveraorvieto.it\\\/wp-content\\\/uploads\\\/2023\\\/08\\\/0022.jpg\",\"contentUrl\":\"https:\\\/\\\/www.bottegaveraorvieto.it\\\/wp-content\\\/uploads\\\/2023\\\/08\\\/0022.jpg\",\"width\":652,\"height\":425},{\"@type\":\"BreadcrumbList\",\"@id\":\"https:\\\/\\\/www.bottegaveraorvieto.it\\\/en\\\/prodotto\\\/sella-di-san-venanzo-a-fette-sv-200gr\\\/#breadcrumb\",\"itemListElement\":[{\"@type\":\"ListItem\",\"position\":1,\"name\":\"Home\",\"item\":\"https:\\\/\\\/www.bottegaveraorvieto.it\\\/en\\\/\"},{\"@type\":\"ListItem\",\"position\":2,\"name\":\"Sella di San Venanzo a fette sv 200gr\"}]},{\"@type\":\"WebSite\",\"@id\":\"https:\\\/\\\/www.bottegaveraorvieto.it\\\/#website\",\"url\":\"https:\\\/\\\/www.bottegaveraorvieto.it\\\/\",\"name\":\"Bottega Vera Orvieto\",\"description\":\"\",\"publisher\":{\"@id\":\"https:\\\/\\\/www.bottegaveraorvieto.it\\\/#organization\"},\"potentialAction\":[{\"@type\":\"SearchAction\",\"target\":{\"@type\":\"EntryPoint\",\"urlTemplate\":\"https:\\\/\\\/www.bottegaveraorvieto.it\\\/?s={search_term_string}\"},\"query-input\":{\"@type\":\"PropertyValueSpecification\",\"valueRequired\":true,\"valueName\":\"search_term_string\"}}],\"inLanguage\":\"en-US\"},{\"@type\":\"Organization\",\"@id\":\"https:\\\/\\\/www.bottegaveraorvieto.it\\\/#organization\",\"name\":\"Bottega V\u00e8ra\",\"url\":\"https:\\\/\\\/www.bottegaveraorvieto.it\\\/\",\"logo\":{\"@type\":\"ImageObject\",\"inLanguage\":\"en-US\",\"@id\":\"https:\\\/\\\/www.bottegaveraorvieto.it\\\/#\\\/schema\\\/logo\\\/image\\\/\",\"url\":\"https:\\\/\\\/www.bottegaveraorvieto.it\\\/wp-content\\\/uploads\\\/2023\\\/09\\\/40007778_834510616745002_8068869022210326528_n.jpg\",\"contentUrl\":\"https:\\\/\\\/www.bottegaveraorvieto.it\\\/wp-content\\\/uploads\\\/2023\\\/09\\\/40007778_834510616745002_8068869022210326528_n.jpg\",\"width\":1000,\"height\":667,\"caption\":\"Bottega V\u00e8ra\"},\"image\":{\"@id\":\"https:\\\/\\\/www.bottegaveraorvieto.it\\\/#\\\/schema\\\/logo\\\/image\\\/\"},\"sameAs\":[\"https:\\\/\\\/www.facebook.com\\\/Bottegaveraorvieto\\\/\",\"https:\\\/\\\/www.instagram.com\\\/bottegaveraorvieto\\\/\"]}]}<\/script>\n<!-- \/ Yoast SEO plugin. -->","yoast_head_json":{"title":"Sella di San Venanzo a fette sv 200gr - Bottega Vera Orvieto","robots":{"index":"index","follow":"follow","max-snippet":"max-snippet:-1","max-image-preview":"max-image-preview:large","max-video-preview":"max-video-preview:-1"},"canonical":"https:\/\/www.bottegaveraorvieto.it\/en\/prodotto\/sella-di-san-venanzo-a-fette-sv-200gr\/","og_locale":"en_US","og_type":"article","og_title":"Sella di San Venanzo a fette sv 200gr - Bottega Vera Orvieto","og_description":"La Sella di San Venanzo. E' nata a seguito di un quesito che si \u00e8 posto il titolare: perch\u00e9 non lasciare del magro su quello straordinario prodotto che \u00e8 il lardo?\u00a0Da questa riflessione \u00e8 nata la Sella,\u00a0prodotto a marchio registrato, ottenuto dalla lavorazione del lombo, con annessa la parte del lardo di schiena. Caratterizzata da un intenso profumo ed un gusto speziato ed aromatizzato che la rendono un prodotto versatile ed innovativo in campo culinario.  I prodotti vengono messi sottovuoto","og_url":"https:\/\/www.bottegaveraorvieto.it\/en\/prodotto\/sella-di-san-venanzo-a-fette-sv-200gr\/","og_site_name":"Bottega Vera Orvieto","article_publisher":"https:\/\/www.facebook.com\/Bottegaveraorvieto\/","twitter_card":"summary_large_image","schema":{"@context":"https:\/\/schema.org","@graph":[{"@type":"WebPage","@id":"https:\/\/www.bottegaveraorvieto.it\/en\/prodotto\/sella-di-san-venanzo-a-fette-sv-200gr\/","url":"https:\/\/www.bottegaveraorvieto.it\/en\/prodotto\/sella-di-san-venanzo-a-fette-sv-200gr\/","name":"Sella di San Venanzo a fette sv 200gr - Bottega Vera Orvieto","isPartOf":{"@id":"https:\/\/www.bottegaveraorvieto.it\/#website"},"primaryImageOfPage":{"@id":"https:\/\/www.bottegaveraorvieto.it\/en\/prodotto\/sella-di-san-venanzo-a-fette-sv-200gr\/#primaryimage"},"image":{"@id":"https:\/\/www.bottegaveraorvieto.it\/en\/prodotto\/sella-di-san-venanzo-a-fette-sv-200gr\/#primaryimage"},"thumbnailUrl":"https:\/\/www.bottegaveraorvieto.it\/wp-content\/uploads\/2023\/08\/0022.jpg","datePublished":"2023-08-31T14:26:33+00:00","breadcrumb":{"@id":"https:\/\/www.bottegaveraorvieto.it\/en\/prodotto\/sella-di-san-venanzo-a-fette-sv-200gr\/#breadcrumb"},"inLanguage":"en-US","potentialAction":[{"@type":"ReadAction","target":["https:\/\/www.bottegaveraorvieto.it\/en\/prodotto\/sella-di-san-venanzo-a-fette-sv-200gr\/"]}]},{"@type":"ImageObject","inLanguage":"en-US","@id":"https:\/\/www.bottegaveraorvieto.it\/en\/prodotto\/sella-di-san-venanzo-a-fette-sv-200gr\/#primaryimage","url":"https:\/\/www.bottegaveraorvieto.it\/wp-content\/uploads\/2023\/08\/0022.jpg","contentUrl":"https:\/\/www.bottegaveraorvieto.it\/wp-content\/uploads\/2023\/08\/0022.jpg","width":652,"height":425},{"@type":"BreadcrumbList","@id":"https:\/\/www.bottegaveraorvieto.it\/en\/prodotto\/sella-di-san-venanzo-a-fette-sv-200gr\/#breadcrumb","itemListElement":[{"@type":"ListItem","position":1,"name":"Home","item":"https:\/\/www.bottegaveraorvieto.it\/en\/"},{"@type":"ListItem","position":2,"name":"Sella di San Venanzo a fette sv 200gr"}]},{"@type":"WebSite","@id":"https:\/\/www.bottegaveraorvieto.it\/#website","url":"https:\/\/www.bottegaveraorvieto.it\/","name":"Bottega Vera Orvieto","description":"","publisher":{"@id":"https:\/\/www.bottegaveraorvieto.it\/#organization"},"potentialAction":[{"@type":"SearchAction","target":{"@type":"EntryPoint","urlTemplate":"https:\/\/www.bottegaveraorvieto.it\/?s={search_term_string}"},"query-input":{"@type":"PropertyValueSpecification","valueRequired":true,"valueName":"search_term_string"}}],"inLanguage":"en-US"},{"@type":"Organization","@id":"https:\/\/www.bottegaveraorvieto.it\/#organization","name":"Bottega V\u00e8ra","url":"https:\/\/www.bottegaveraorvieto.it\/","logo":{"@type":"ImageObject","inLanguage":"en-US","@id":"https:\/\/www.bottegaveraorvieto.it\/#\/schema\/logo\/image\/","url":"https:\/\/www.bottegaveraorvieto.it\/wp-content\/uploads\/2023\/09\/40007778_834510616745002_8068869022210326528_n.jpg","contentUrl":"https:\/\/www.bottegaveraorvieto.it\/wp-content\/uploads\/2023\/09\/40007778_834510616745002_8068869022210326528_n.jpg","width":1000,"height":667,"caption":"Bottega V\u00e8ra"},"image":{"@id":"https:\/\/www.bottegaveraorvieto.it\/#\/schema\/logo\/image\/"},"sameAs":["https:\/\/www.facebook.com\/Bottegaveraorvieto\/","https:\/\/www.instagram.com\/bottegaveraorvieto\/"]}]}},"_links":{"self":[{"href":"https:\/\/www.bottegaveraorvieto.it\/en\/wp-json\/wp\/v2\/product\/5360","targetHints":{"allow":["GET"]}}],"collection":[{"href":"https:\/\/www.bottegaveraorvieto.it\/en\/wp-json\/wp\/v2\/product"}],"about":[{"href":"https:\/\/www.bottegaveraorvieto.it\/en\/wp-json\/wp\/v2\/types\/product"}],"version-history":[{"count":0,"href":"https:\/\/www.bottegaveraorvieto.it\/en\/wp-json\/wp\/v2\/product\/5360\/revisions"}],"wp:featuredmedia":[{"embeddable":true,"href":"https:\/\/www.bottegaveraorvieto.it\/en\/wp-json\/wp\/v2\/media\/4989"}],"wp:attachment":[{"href":"https:\/\/www.bottegaveraorvieto.it\/en\/wp-json\/wp\/v2\/media?parent=5360"}],"wp:term":[{"taxonomy":"product_brand","embeddable":true,"href":"https:\/\/www.bottegaveraorvieto.it\/en\/wp-json\/wp\/v2\/product_brand?post=5360"},{"taxonomy":"product_cat","embeddable":true,"href":"https:\/\/www.bottegaveraorvieto.it\/en\/wp-json\/wp\/v2\/product_cat?post=5360"},{"taxonomy":"product_tag","embeddable":true,"href":"https:\/\/www.bottegaveraorvieto.it\/en\/wp-json\/wp\/v2\/product_tag?post=5360"}],"curies":[{"name":"wp","href":"https:\/\/api.w.org\/{rel}","templated":true}]}}