{"id":5368,"date":"2023-08-31T16:26:33","date_gmt":"2023-08-31T14:26:33","guid":{"rendered":"https:\/\/www.bottegaveraorvieto.it\/prodotto\/barbaresco-2017-docg-prunotto-antinori\/"},"modified":"2023-08-31T16:26:33","modified_gmt":"2023-08-31T14:26:33","slug":"barbaresco-2017-docg-prunotto-antinori","status":"publish","type":"product","link":"https:\/\/www.bottegaveraorvieto.it\/en\/product\/barbaresco-2017-docg-prunotto-antinori\/","title":{"rendered":"Barbaresco 2017 DOCG &#8211; Prunotto Antinori"},"content":{"rendered":"<strong>INFORMAZIONI EXTRA:<\/strong>Il Barbaresco Prunotto dei Marchesi Antinori nasce nell\u2019omonima tenuta, situata ad Alba, in Piemonte, su una morbida pianura circondata dai vigneti delle Langhe e del Roero.\r\n\r\n\u00c8 prodotto con uve Nebbiolo in purezza, lasciate macerare per circa 15 giorni ad una temperatura massima di 30\u00b0C. Dopo la fermentazione malolattica, il vino viene affinato per 12 mesi in botti di rovere francese e, una piccola parte, in barrique di secondo passaggio. Successivamente riposa in bottiglia per altri 10 mesi nelle cantine Prunotto.\r\n\r\n\u00c8 caratterizzato da un colore rosso granato di buona intensit\u00e0. Il bouquet \u00e8 complesso, con evidenti sentori di frutti rossi e piacevoli note speziate. Al palato risulta pieno e vellutato, con un retrogusto lungo e persistente.\r\n\r\nPer le sue caratteristiche di struttura e corposit\u00e0, questo vino \u00e8 perfetto per accompagnare primi piatti saporiti a base di rag\u00f9 di carne, carni rosse, arrosti e formaggi stagionati.","protected":false},"excerpt":{"rendered":"<div>\n<h4>BARBARESCO 2017  DOCG<br \/>Prunotto Antinori<\/h4>\n<\/div>\n","protected":false},"featured_media":5029,"template":"","meta":{"_mbp_gutenberg_autopost":false},"product_brand":[],"product_cat":[65],"product_tag":[],"class_list":{"0":"post-5368","1":"product","2":"type-product","3":"status-publish","4":"has-post-thumbnail","6":"product_cat-wines-and-bubbles","8":"first","9":"instock","10":"taxable","11":"shipping-taxable","12":"purchasable","13":"product-type-simple"},"yoast_head":"<!-- This site is optimized with the Yoast SEO plugin v27.3 - https:\/\/yoast.com\/product\/yoast-seo-wordpress\/ -->\n<title>Barbaresco 2017 DOCG - Prunotto Antinori - Bottega Vera Orvieto<\/title>\n<meta name=\"robots\" content=\"index, follow, max-snippet:-1, max-image-preview:large, max-video-preview:-1\" \/>\n<link rel=\"canonical\" href=\"https:\/\/www.bottegaveraorvieto.it\/en\/prodotto\/barbaresco-2017-docg-prunotto-antinori\/\" \/>\n<meta property=\"og:locale\" content=\"en_US\" \/>\n<meta property=\"og:type\" content=\"article\" \/>\n<meta property=\"og:title\" content=\"Barbaresco 2017 DOCG - Prunotto Antinori - Bottega Vera Orvieto\" \/>\n<meta property=\"og:description\" content=\"BARBARESCO 2017 DOCGPrunotto Antinori\" \/>\n<meta property=\"og:url\" content=\"https:\/\/www.bottegaveraorvieto.it\/en\/prodotto\/barbaresco-2017-docg-prunotto-antinori\/\" \/>\n<meta property=\"og:site_name\" content=\"Bottega Vera Orvieto\" \/>\n<meta property=\"article:publisher\" content=\"https:\/\/www.facebook.com\/Bottegaveraorvieto\/\" \/>\n<meta name=\"twitter:card\" content=\"summary_large_image\" \/>\n<meta name=\"twitter:label1\" content=\"Est. reading time\" \/>\n\t<meta name=\"twitter:data1\" content=\"1 minute\" \/>\n<script type=\"application\/ld+json\" class=\"yoast-schema-graph\">{\"@context\":\"https:\\\/\\\/schema.org\",\"@graph\":[{\"@type\":\"WebPage\",\"@id\":\"https:\\\/\\\/www.bottegaveraorvieto.it\\\/en\\\/prodotto\\\/barbaresco-2017-docg-prunotto-antinori\\\/\",\"url\":\"https:\\\/\\\/www.bottegaveraorvieto.it\\\/en\\\/prodotto\\\/barbaresco-2017-docg-prunotto-antinori\\\/\",\"name\":\"Barbaresco 2017 DOCG - Prunotto Antinori - Bottega Vera Orvieto\",\"isPartOf\":{\"@id\":\"https:\\\/\\\/www.bottegaveraorvieto.it\\\/#website\"},\"primaryImageOfPage\":{\"@id\":\"https:\\\/\\\/www.bottegaveraorvieto.it\\\/en\\\/prodotto\\\/barbaresco-2017-docg-prunotto-antinori\\\/#primaryimage\"},\"image\":{\"@id\":\"https:\\\/\\\/www.bottegaveraorvieto.it\\\/en\\\/prodotto\\\/barbaresco-2017-docg-prunotto-antinori\\\/#primaryimage\"},\"thumbnailUrl\":\"https:\\\/\\\/www.bottegaveraorvieto.it\\\/wp-content\\\/uploads\\\/2023\\\/08\\\/IMG_8332-e1606151779641.jpg\",\"datePublished\":\"2023-08-31T14:26:33+00:00\",\"breadcrumb\":{\"@id\":\"https:\\\/\\\/www.bottegaveraorvieto.it\\\/en\\\/prodotto\\\/barbaresco-2017-docg-prunotto-antinori\\\/#breadcrumb\"},\"inLanguage\":\"en-US\",\"potentialAction\":[{\"@type\":\"ReadAction\",\"target\":[\"https:\\\/\\\/www.bottegaveraorvieto.it\\\/en\\\/prodotto\\\/barbaresco-2017-docg-prunotto-antinori\\\/\"]}]},{\"@type\":\"ImageObject\",\"inLanguage\":\"en-US\",\"@id\":\"https:\\\/\\\/www.bottegaveraorvieto.it\\\/en\\\/prodotto\\\/barbaresco-2017-docg-prunotto-antinori\\\/#primaryimage\",\"url\":\"https:\\\/\\\/www.bottegaveraorvieto.it\\\/wp-content\\\/uploads\\\/2023\\\/08\\\/IMG_8332-e1606151779641.jpg\",\"contentUrl\":\"https:\\\/\\\/www.bottegaveraorvieto.it\\\/wp-content\\\/uploads\\\/2023\\\/08\\\/IMG_8332-e1606151779641.jpg\",\"width\":1536,\"height\":2048},{\"@type\":\"BreadcrumbList\",\"@id\":\"https:\\\/\\\/www.bottegaveraorvieto.it\\\/en\\\/prodotto\\\/barbaresco-2017-docg-prunotto-antinori\\\/#breadcrumb\",\"itemListElement\":[{\"@type\":\"ListItem\",\"position\":1,\"name\":\"Home\",\"item\":\"https:\\\/\\\/www.bottegaveraorvieto.it\\\/en\\\/\"},{\"@type\":\"ListItem\",\"position\":2,\"name\":\"Barbaresco 2017 DOCG &#8211; Prunotto Antinori\"}]},{\"@type\":\"WebSite\",\"@id\":\"https:\\\/\\\/www.bottegaveraorvieto.it\\\/#website\",\"url\":\"https:\\\/\\\/www.bottegaveraorvieto.it\\\/\",\"name\":\"Bottega Vera Orvieto\",\"description\":\"\",\"publisher\":{\"@id\":\"https:\\\/\\\/www.bottegaveraorvieto.it\\\/#organization\"},\"potentialAction\":[{\"@type\":\"SearchAction\",\"target\":{\"@type\":\"EntryPoint\",\"urlTemplate\":\"https:\\\/\\\/www.bottegaveraorvieto.it\\\/?s={search_term_string}\"},\"query-input\":{\"@type\":\"PropertyValueSpecification\",\"valueRequired\":true,\"valueName\":\"search_term_string\"}}],\"inLanguage\":\"en-US\"},{\"@type\":\"Organization\",\"@id\":\"https:\\\/\\\/www.bottegaveraorvieto.it\\\/#organization\",\"name\":\"Bottega V\u00e8ra\",\"url\":\"https:\\\/\\\/www.bottegaveraorvieto.it\\\/\",\"logo\":{\"@type\":\"ImageObject\",\"inLanguage\":\"en-US\",\"@id\":\"https:\\\/\\\/www.bottegaveraorvieto.it\\\/#\\\/schema\\\/logo\\\/image\\\/\",\"url\":\"https:\\\/\\\/www.bottegaveraorvieto.it\\\/wp-content\\\/uploads\\\/2023\\\/09\\\/40007778_834510616745002_8068869022210326528_n.jpg\",\"contentUrl\":\"https:\\\/\\\/www.bottegaveraorvieto.it\\\/wp-content\\\/uploads\\\/2023\\\/09\\\/40007778_834510616745002_8068869022210326528_n.jpg\",\"width\":1000,\"height\":667,\"caption\":\"Bottega V\u00e8ra\"},\"image\":{\"@id\":\"https:\\\/\\\/www.bottegaveraorvieto.it\\\/#\\\/schema\\\/logo\\\/image\\\/\"},\"sameAs\":[\"https:\\\/\\\/www.facebook.com\\\/Bottegaveraorvieto\\\/\",\"https:\\\/\\\/www.instagram.com\\\/bottegaveraorvieto\\\/\"]}]}<\/script>\n<!-- \/ Yoast SEO plugin. -->","yoast_head_json":{"title":"Barbaresco 2017 DOCG - Prunotto Antinori - Bottega Vera Orvieto","robots":{"index":"index","follow":"follow","max-snippet":"max-snippet:-1","max-image-preview":"max-image-preview:large","max-video-preview":"max-video-preview:-1"},"canonical":"https:\/\/www.bottegaveraorvieto.it\/en\/prodotto\/barbaresco-2017-docg-prunotto-antinori\/","og_locale":"en_US","og_type":"article","og_title":"Barbaresco 2017 DOCG - Prunotto Antinori - Bottega Vera Orvieto","og_description":"BARBARESCO 2017 DOCGPrunotto Antinori","og_url":"https:\/\/www.bottegaveraorvieto.it\/en\/prodotto\/barbaresco-2017-docg-prunotto-antinori\/","og_site_name":"Bottega Vera Orvieto","article_publisher":"https:\/\/www.facebook.com\/Bottegaveraorvieto\/","twitter_card":"summary_large_image","twitter_misc":{"Est. reading time":"1 minute"},"schema":{"@context":"https:\/\/schema.org","@graph":[{"@type":"WebPage","@id":"https:\/\/www.bottegaveraorvieto.it\/en\/prodotto\/barbaresco-2017-docg-prunotto-antinori\/","url":"https:\/\/www.bottegaveraorvieto.it\/en\/prodotto\/barbaresco-2017-docg-prunotto-antinori\/","name":"Barbaresco 2017 DOCG - Prunotto Antinori - Bottega Vera Orvieto","isPartOf":{"@id":"https:\/\/www.bottegaveraorvieto.it\/#website"},"primaryImageOfPage":{"@id":"https:\/\/www.bottegaveraorvieto.it\/en\/prodotto\/barbaresco-2017-docg-prunotto-antinori\/#primaryimage"},"image":{"@id":"https:\/\/www.bottegaveraorvieto.it\/en\/prodotto\/barbaresco-2017-docg-prunotto-antinori\/#primaryimage"},"thumbnailUrl":"https:\/\/www.bottegaveraorvieto.it\/wp-content\/uploads\/2023\/08\/IMG_8332-e1606151779641.jpg","datePublished":"2023-08-31T14:26:33+00:00","breadcrumb":{"@id":"https:\/\/www.bottegaveraorvieto.it\/en\/prodotto\/barbaresco-2017-docg-prunotto-antinori\/#breadcrumb"},"inLanguage":"en-US","potentialAction":[{"@type":"ReadAction","target":["https:\/\/www.bottegaveraorvieto.it\/en\/prodotto\/barbaresco-2017-docg-prunotto-antinori\/"]}]},{"@type":"ImageObject","inLanguage":"en-US","@id":"https:\/\/www.bottegaveraorvieto.it\/en\/prodotto\/barbaresco-2017-docg-prunotto-antinori\/#primaryimage","url":"https:\/\/www.bottegaveraorvieto.it\/wp-content\/uploads\/2023\/08\/IMG_8332-e1606151779641.jpg","contentUrl":"https:\/\/www.bottegaveraorvieto.it\/wp-content\/uploads\/2023\/08\/IMG_8332-e1606151779641.jpg","width":1536,"height":2048},{"@type":"BreadcrumbList","@id":"https:\/\/www.bottegaveraorvieto.it\/en\/prodotto\/barbaresco-2017-docg-prunotto-antinori\/#breadcrumb","itemListElement":[{"@type":"ListItem","position":1,"name":"Home","item":"https:\/\/www.bottegaveraorvieto.it\/en\/"},{"@type":"ListItem","position":2,"name":"Barbaresco 2017 DOCG &#8211; Prunotto Antinori"}]},{"@type":"WebSite","@id":"https:\/\/www.bottegaveraorvieto.it\/#website","url":"https:\/\/www.bottegaveraorvieto.it\/","name":"Bottega Vera Orvieto","description":"","publisher":{"@id":"https:\/\/www.bottegaveraorvieto.it\/#organization"},"potentialAction":[{"@type":"SearchAction","target":{"@type":"EntryPoint","urlTemplate":"https:\/\/www.bottegaveraorvieto.it\/?s={search_term_string}"},"query-input":{"@type":"PropertyValueSpecification","valueRequired":true,"valueName":"search_term_string"}}],"inLanguage":"en-US"},{"@type":"Organization","@id":"https:\/\/www.bottegaveraorvieto.it\/#organization","name":"Bottega V\u00e8ra","url":"https:\/\/www.bottegaveraorvieto.it\/","logo":{"@type":"ImageObject","inLanguage":"en-US","@id":"https:\/\/www.bottegaveraorvieto.it\/#\/schema\/logo\/image\/","url":"https:\/\/www.bottegaveraorvieto.it\/wp-content\/uploads\/2023\/09\/40007778_834510616745002_8068869022210326528_n.jpg","contentUrl":"https:\/\/www.bottegaveraorvieto.it\/wp-content\/uploads\/2023\/09\/40007778_834510616745002_8068869022210326528_n.jpg","width":1000,"height":667,"caption":"Bottega V\u00e8ra"},"image":{"@id":"https:\/\/www.bottegaveraorvieto.it\/#\/schema\/logo\/image\/"},"sameAs":["https:\/\/www.facebook.com\/Bottegaveraorvieto\/","https:\/\/www.instagram.com\/bottegaveraorvieto\/"]}]}},"_links":{"self":[{"href":"https:\/\/www.bottegaveraorvieto.it\/en\/wp-json\/wp\/v2\/product\/5368","targetHints":{"allow":["GET"]}}],"collection":[{"href":"https:\/\/www.bottegaveraorvieto.it\/en\/wp-json\/wp\/v2\/product"}],"about":[{"href":"https:\/\/www.bottegaveraorvieto.it\/en\/wp-json\/wp\/v2\/types\/product"}],"version-history":[{"count":0,"href":"https:\/\/www.bottegaveraorvieto.it\/en\/wp-json\/wp\/v2\/product\/5368\/revisions"}],"wp:featuredmedia":[{"embeddable":true,"href":"https:\/\/www.bottegaveraorvieto.it\/en\/wp-json\/wp\/v2\/media\/5029"}],"wp:attachment":[{"href":"https:\/\/www.bottegaveraorvieto.it\/en\/wp-json\/wp\/v2\/media?parent=5368"}],"wp:term":[{"taxonomy":"product_brand","embeddable":true,"href":"https:\/\/www.bottegaveraorvieto.it\/en\/wp-json\/wp\/v2\/product_brand?post=5368"},{"taxonomy":"product_cat","embeddable":true,"href":"https:\/\/www.bottegaveraorvieto.it\/en\/wp-json\/wp\/v2\/product_cat?post=5368"},{"taxonomy":"product_tag","embeddable":true,"href":"https:\/\/www.bottegaveraorvieto.it\/en\/wp-json\/wp\/v2\/product_tag?post=5368"}],"curies":[{"name":"wp","href":"https:\/\/api.w.org\/{rel}","templated":true}]}}