{"id":5370,"date":"2023-08-31T16:26:33","date_gmt":"2023-08-31T14:26:33","guid":{"rendered":"https:\/\/www.bottegaveraorvieto.it\/prodotto\/gewurztraminer-2019-sanct-valentin-alto-adige-doc-san-michele-appiano\/"},"modified":"2023-08-31T16:26:33","modified_gmt":"2023-08-31T14:26:33","slug":"gewurztraminer-2019-sanct-valentin-alto-adige-doc-san-michele-appiano","status":"publish","type":"product","link":"https:\/\/www.bottegaveraorvieto.it\/en\/product\/gewurztraminer-2019-sanct-valentin-alto-adige-doc-san-michele-appiano\/","title":{"rendered":"Gewurztraminer 2019 Sanct Valentin &#8211; Alto Adige Doc San Michele Appiano"},"content":{"rendered":"<br>\r\n<strong>ALLA VISTA<\/strong>: giallo oro\r\n<br>\r\n<strong>AL NASO<\/strong>: ampio bouquet di profumi di rosa, frutti esotici, spezie orientali\r\n<br>\r\n<strong>AL PALATO<\/strong>:potente, complesso, leggero residuo zuccherino\r\n<br>\r\n<strong>COMPOSIZIONE<\/strong>: Gew\u00fcrztraminer\r\n<br>\r\n<strong>LOCALITA&#8217;<\/strong>: esposizioni selezionate a Cortaccia, Caldaro ed Appiano (300-500m)\r\n<br>\r\n<strong>ESPOSIZIONE<\/strong>: Sud\/Est\r\n<br>\r\n<strong>TERRENI<\/strong>: ghiaiosi calcareo-argillosi\r\n<br>\r\n<strong>FORMA DI ALLEVAMENTO<\/strong>: Guyot\r\n<br>\r\n<strong>VENDEMMIA<\/strong>: fine settembre ad inizio ottobre; raccolta e selezione manuali delle uve.\r\n<br>\r\n<strong>VINIFICAZIONE<\/strong>: macerazione delle uve con successiva pressatura soffice. Fermentazione e affinamento in tini d\u2019acciaio.\r\n<br>\r\n<strong>RESA<\/strong>: 45 hl\/ha\r\n<br>\r\n<strong>DATI ANALITICI<\/strong>: Gradazione alcolica: 14,5 %\r\nZuccheri residui: 5,9 gr\/lt\r\nAcidit\u00e0: 4,6 gr\/lt\r\n<br>\r\n<strong>CONSIGLI PER IL SERVIZIO<\/strong>: 8 a 10 Gradi\r\n<br>\r\n<strong>POTENZIALE D\u2019INVECCHIAMENTO<\/strong>:5 a 35 anni\r\n<br>\r\n<strong>CONSIGLI D\u2019ABBINAMENTO<\/strong>: Si abbina magnificamente a piatti speziati, al fegato d\u2019oca, ai formaggi erborinati, cos\u00ec come anche a ricette condite di spezie piccanti o erbette da cucina, al risotto ai frutti di mare o a specialit\u00e0 altoatesine quali i ravioli al \u201eKloazn\u201c (farina di pere) con formaggio grigio.\r\n<br>\r\n<strong>PREMIAZIONI<\/strong>: Luca Maroni 96 P\r\nDoctor Wine 92 P\r\njamessuckling 92 P\r\n<br>\r\n\r\n\r\n<strong>INFORMAZIONI EXTRA:<\/strong>L\u2019affascinante Gew\u00fcrztraminer \u00e8 certamente una delle variet\u00e0 pi\u00f9 memorabili nel panorama viticolo mondiale. Fin dal 1986 \u00e8 riconosciuto come vino caratteristico della linea con le sue uve autoctone aromatiche. Il Gew\u00fcrztraminer Sanct Valentin si caratterizza per il suo bouquet intenso e complesso, ricco di profumi ed aromi fruttati e speziati. Si distingue per piacevolezza e garantisce anche dopo molti anni una beva incantevole.<br>\r\n","protected":false},"excerpt":{"rendered":"<div>\n<h4>GEWURZTRAMINER 2019 SANCT VALENTIN<br \/>Alto Adige Doc San Michele Appiano<\/h4>\n<\/div>\n","protected":false},"featured_media":5027,"template":"","meta":{"_mbp_gutenberg_autopost":false},"product_brand":[],"product_cat":[65],"product_tag":[],"class_list":{"0":"post-5370","1":"product","2":"type-product","3":"status-publish","4":"has-post-thumbnail","6":"product_cat-wines-and-bubbles","8":"first","9":"instock","10":"sale","11":"taxable","12":"shipping-taxable","13":"purchasable","14":"product-type-simple"},"yoast_head":"<!-- This site is optimized with the Yoast SEO plugin v27.3 - https:\/\/yoast.com\/product\/yoast-seo-wordpress\/ -->\n<title>Gewurztraminer 2019 Sanct Valentin - Alto Adige Doc San Michele Appiano - Bottega Vera Orvieto<\/title>\n<meta name=\"robots\" content=\"index, follow, max-snippet:-1, max-image-preview:large, max-video-preview:-1\" \/>\n<link rel=\"canonical\" href=\"https:\/\/www.bottegaveraorvieto.it\/en\/prodotto\/gewurztraminer-2019-sanct-valentin-alto-adige-doc-san-michele-appiano\/\" \/>\n<meta property=\"og:locale\" content=\"en_US\" \/>\n<meta property=\"og:type\" content=\"article\" \/>\n<meta property=\"og:title\" content=\"Gewurztraminer 2019 Sanct Valentin - Alto Adige Doc San Michele Appiano - Bottega Vera Orvieto\" \/>\n<meta property=\"og:description\" content=\"GEWURZTRAMINER 2019 SANCT VALENTINAlto Adige Doc San Michele Appiano\" \/>\n<meta property=\"og:url\" content=\"https:\/\/www.bottegaveraorvieto.it\/en\/prodotto\/gewurztraminer-2019-sanct-valentin-alto-adige-doc-san-michele-appiano\/\" \/>\n<meta property=\"og:site_name\" content=\"Bottega Vera Orvieto\" \/>\n<meta property=\"article:publisher\" content=\"https:\/\/www.facebook.com\/Bottegaveraorvieto\/\" \/>\n<meta name=\"twitter:card\" content=\"summary_large_image\" \/>\n<meta name=\"twitter:label1\" content=\"Est. reading time\" \/>\n\t<meta name=\"twitter:data1\" content=\"1 minute\" \/>\n<script type=\"application\/ld+json\" class=\"yoast-schema-graph\">{\"@context\":\"https:\\\/\\\/schema.org\",\"@graph\":[{\"@type\":\"WebPage\",\"@id\":\"https:\\\/\\\/www.bottegaveraorvieto.it\\\/en\\\/prodotto\\\/gewurztraminer-2019-sanct-valentin-alto-adige-doc-san-michele-appiano\\\/\",\"url\":\"https:\\\/\\\/www.bottegaveraorvieto.it\\\/en\\\/prodotto\\\/gewurztraminer-2019-sanct-valentin-alto-adige-doc-san-michele-appiano\\\/\",\"name\":\"Gewurztraminer 2019 Sanct Valentin - Alto Adige Doc San Michele Appiano - Bottega Vera Orvieto\",\"isPartOf\":{\"@id\":\"https:\\\/\\\/www.bottegaveraorvieto.it\\\/#website\"},\"primaryImageOfPage\":{\"@id\":\"https:\\\/\\\/www.bottegaveraorvieto.it\\\/en\\\/prodotto\\\/gewurztraminer-2019-sanct-valentin-alto-adige-doc-san-michele-appiano\\\/#primaryimage\"},\"image\":{\"@id\":\"https:\\\/\\\/www.bottegaveraorvieto.it\\\/en\\\/prodotto\\\/gewurztraminer-2019-sanct-valentin-alto-adige-doc-san-michele-appiano\\\/#primaryimage\"},\"thumbnailUrl\":\"https:\\\/\\\/www.bottegaveraorvieto.it\\\/wp-content\\\/uploads\\\/2023\\\/08\\\/IMG_8322-e1606151079824.jpg\",\"datePublished\":\"2023-08-31T14:26:33+00:00\",\"breadcrumb\":{\"@id\":\"https:\\\/\\\/www.bottegaveraorvieto.it\\\/en\\\/prodotto\\\/gewurztraminer-2019-sanct-valentin-alto-adige-doc-san-michele-appiano\\\/#breadcrumb\"},\"inLanguage\":\"en-US\",\"potentialAction\":[{\"@type\":\"ReadAction\",\"target\":[\"https:\\\/\\\/www.bottegaveraorvieto.it\\\/en\\\/prodotto\\\/gewurztraminer-2019-sanct-valentin-alto-adige-doc-san-michele-appiano\\\/\"]}]},{\"@type\":\"ImageObject\",\"inLanguage\":\"en-US\",\"@id\":\"https:\\\/\\\/www.bottegaveraorvieto.it\\\/en\\\/prodotto\\\/gewurztraminer-2019-sanct-valentin-alto-adige-doc-san-michele-appiano\\\/#primaryimage\",\"url\":\"https:\\\/\\\/www.bottegaveraorvieto.it\\\/wp-content\\\/uploads\\\/2023\\\/08\\\/IMG_8322-e1606151079824.jpg\",\"contentUrl\":\"https:\\\/\\\/www.bottegaveraorvieto.it\\\/wp-content\\\/uploads\\\/2023\\\/08\\\/IMG_8322-e1606151079824.jpg\",\"width\":1536,\"height\":2048},{\"@type\":\"BreadcrumbList\",\"@id\":\"https:\\\/\\\/www.bottegaveraorvieto.it\\\/en\\\/prodotto\\\/gewurztraminer-2019-sanct-valentin-alto-adige-doc-san-michele-appiano\\\/#breadcrumb\",\"itemListElement\":[{\"@type\":\"ListItem\",\"position\":1,\"name\":\"Home\",\"item\":\"https:\\\/\\\/www.bottegaveraorvieto.it\\\/en\\\/\"},{\"@type\":\"ListItem\",\"position\":2,\"name\":\"Gewurztraminer 2019 Sanct Valentin &#8211; Alto Adige Doc San Michele Appiano\"}]},{\"@type\":\"WebSite\",\"@id\":\"https:\\\/\\\/www.bottegaveraorvieto.it\\\/#website\",\"url\":\"https:\\\/\\\/www.bottegaveraorvieto.it\\\/\",\"name\":\"Bottega Vera Orvieto\",\"description\":\"\",\"publisher\":{\"@id\":\"https:\\\/\\\/www.bottegaveraorvieto.it\\\/#organization\"},\"potentialAction\":[{\"@type\":\"SearchAction\",\"target\":{\"@type\":\"EntryPoint\",\"urlTemplate\":\"https:\\\/\\\/www.bottegaveraorvieto.it\\\/?s={search_term_string}\"},\"query-input\":{\"@type\":\"PropertyValueSpecification\",\"valueRequired\":true,\"valueName\":\"search_term_string\"}}],\"inLanguage\":\"en-US\"},{\"@type\":\"Organization\",\"@id\":\"https:\\\/\\\/www.bottegaveraorvieto.it\\\/#organization\",\"name\":\"Bottega V\u00e8ra\",\"url\":\"https:\\\/\\\/www.bottegaveraorvieto.it\\\/\",\"logo\":{\"@type\":\"ImageObject\",\"inLanguage\":\"en-US\",\"@id\":\"https:\\\/\\\/www.bottegaveraorvieto.it\\\/#\\\/schema\\\/logo\\\/image\\\/\",\"url\":\"https:\\\/\\\/www.bottegaveraorvieto.it\\\/wp-content\\\/uploads\\\/2023\\\/09\\\/40007778_834510616745002_8068869022210326528_n.jpg\",\"contentUrl\":\"https:\\\/\\\/www.bottegaveraorvieto.it\\\/wp-content\\\/uploads\\\/2023\\\/09\\\/40007778_834510616745002_8068869022210326528_n.jpg\",\"width\":1000,\"height\":667,\"caption\":\"Bottega V\u00e8ra\"},\"image\":{\"@id\":\"https:\\\/\\\/www.bottegaveraorvieto.it\\\/#\\\/schema\\\/logo\\\/image\\\/\"},\"sameAs\":[\"https:\\\/\\\/www.facebook.com\\\/Bottegaveraorvieto\\\/\",\"https:\\\/\\\/www.instagram.com\\\/bottegaveraorvieto\\\/\"]}]}<\/script>\n<!-- \/ Yoast SEO plugin. -->","yoast_head_json":{"title":"Gewurztraminer 2019 Sanct Valentin - Alto Adige Doc San Michele Appiano - Bottega Vera Orvieto","robots":{"index":"index","follow":"follow","max-snippet":"max-snippet:-1","max-image-preview":"max-image-preview:large","max-video-preview":"max-video-preview:-1"},"canonical":"https:\/\/www.bottegaveraorvieto.it\/en\/prodotto\/gewurztraminer-2019-sanct-valentin-alto-adige-doc-san-michele-appiano\/","og_locale":"en_US","og_type":"article","og_title":"Gewurztraminer 2019 Sanct Valentin - Alto Adige Doc San Michele Appiano - Bottega Vera Orvieto","og_description":"GEWURZTRAMINER 2019 SANCT VALENTINAlto Adige Doc San Michele Appiano","og_url":"https:\/\/www.bottegaveraorvieto.it\/en\/prodotto\/gewurztraminer-2019-sanct-valentin-alto-adige-doc-san-michele-appiano\/","og_site_name":"Bottega Vera Orvieto","article_publisher":"https:\/\/www.facebook.com\/Bottegaveraorvieto\/","twitter_card":"summary_large_image","twitter_misc":{"Est. reading time":"1 minute"},"schema":{"@context":"https:\/\/schema.org","@graph":[{"@type":"WebPage","@id":"https:\/\/www.bottegaveraorvieto.it\/en\/prodotto\/gewurztraminer-2019-sanct-valentin-alto-adige-doc-san-michele-appiano\/","url":"https:\/\/www.bottegaveraorvieto.it\/en\/prodotto\/gewurztraminer-2019-sanct-valentin-alto-adige-doc-san-michele-appiano\/","name":"Gewurztraminer 2019 Sanct Valentin - Alto Adige Doc San Michele Appiano - Bottega Vera Orvieto","isPartOf":{"@id":"https:\/\/www.bottegaveraorvieto.it\/#website"},"primaryImageOfPage":{"@id":"https:\/\/www.bottegaveraorvieto.it\/en\/prodotto\/gewurztraminer-2019-sanct-valentin-alto-adige-doc-san-michele-appiano\/#primaryimage"},"image":{"@id":"https:\/\/www.bottegaveraorvieto.it\/en\/prodotto\/gewurztraminer-2019-sanct-valentin-alto-adige-doc-san-michele-appiano\/#primaryimage"},"thumbnailUrl":"https:\/\/www.bottegaveraorvieto.it\/wp-content\/uploads\/2023\/08\/IMG_8322-e1606151079824.jpg","datePublished":"2023-08-31T14:26:33+00:00","breadcrumb":{"@id":"https:\/\/www.bottegaveraorvieto.it\/en\/prodotto\/gewurztraminer-2019-sanct-valentin-alto-adige-doc-san-michele-appiano\/#breadcrumb"},"inLanguage":"en-US","potentialAction":[{"@type":"ReadAction","target":["https:\/\/www.bottegaveraorvieto.it\/en\/prodotto\/gewurztraminer-2019-sanct-valentin-alto-adige-doc-san-michele-appiano\/"]}]},{"@type":"ImageObject","inLanguage":"en-US","@id":"https:\/\/www.bottegaveraorvieto.it\/en\/prodotto\/gewurztraminer-2019-sanct-valentin-alto-adige-doc-san-michele-appiano\/#primaryimage","url":"https:\/\/www.bottegaveraorvieto.it\/wp-content\/uploads\/2023\/08\/IMG_8322-e1606151079824.jpg","contentUrl":"https:\/\/www.bottegaveraorvieto.it\/wp-content\/uploads\/2023\/08\/IMG_8322-e1606151079824.jpg","width":1536,"height":2048},{"@type":"BreadcrumbList","@id":"https:\/\/www.bottegaveraorvieto.it\/en\/prodotto\/gewurztraminer-2019-sanct-valentin-alto-adige-doc-san-michele-appiano\/#breadcrumb","itemListElement":[{"@type":"ListItem","position":1,"name":"Home","item":"https:\/\/www.bottegaveraorvieto.it\/en\/"},{"@type":"ListItem","position":2,"name":"Gewurztraminer 2019 Sanct Valentin &#8211; Alto Adige Doc San Michele Appiano"}]},{"@type":"WebSite","@id":"https:\/\/www.bottegaveraorvieto.it\/#website","url":"https:\/\/www.bottegaveraorvieto.it\/","name":"Bottega Vera Orvieto","description":"","publisher":{"@id":"https:\/\/www.bottegaveraorvieto.it\/#organization"},"potentialAction":[{"@type":"SearchAction","target":{"@type":"EntryPoint","urlTemplate":"https:\/\/www.bottegaveraorvieto.it\/?s={search_term_string}"},"query-input":{"@type":"PropertyValueSpecification","valueRequired":true,"valueName":"search_term_string"}}],"inLanguage":"en-US"},{"@type":"Organization","@id":"https:\/\/www.bottegaveraorvieto.it\/#organization","name":"Bottega V\u00e8ra","url":"https:\/\/www.bottegaveraorvieto.it\/","logo":{"@type":"ImageObject","inLanguage":"en-US","@id":"https:\/\/www.bottegaveraorvieto.it\/#\/schema\/logo\/image\/","url":"https:\/\/www.bottegaveraorvieto.it\/wp-content\/uploads\/2023\/09\/40007778_834510616745002_8068869022210326528_n.jpg","contentUrl":"https:\/\/www.bottegaveraorvieto.it\/wp-content\/uploads\/2023\/09\/40007778_834510616745002_8068869022210326528_n.jpg","width":1000,"height":667,"caption":"Bottega V\u00e8ra"},"image":{"@id":"https:\/\/www.bottegaveraorvieto.it\/#\/schema\/logo\/image\/"},"sameAs":["https:\/\/www.facebook.com\/Bottegaveraorvieto\/","https:\/\/www.instagram.com\/bottegaveraorvieto\/"]}]}},"_links":{"self":[{"href":"https:\/\/www.bottegaveraorvieto.it\/en\/wp-json\/wp\/v2\/product\/5370","targetHints":{"allow":["GET"]}}],"collection":[{"href":"https:\/\/www.bottegaveraorvieto.it\/en\/wp-json\/wp\/v2\/product"}],"about":[{"href":"https:\/\/www.bottegaveraorvieto.it\/en\/wp-json\/wp\/v2\/types\/product"}],"version-history":[{"count":0,"href":"https:\/\/www.bottegaveraorvieto.it\/en\/wp-json\/wp\/v2\/product\/5370\/revisions"}],"wp:featuredmedia":[{"embeddable":true,"href":"https:\/\/www.bottegaveraorvieto.it\/en\/wp-json\/wp\/v2\/media\/5027"}],"wp:attachment":[{"href":"https:\/\/www.bottegaveraorvieto.it\/en\/wp-json\/wp\/v2\/media?parent=5370"}],"wp:term":[{"taxonomy":"product_brand","embeddable":true,"href":"https:\/\/www.bottegaveraorvieto.it\/en\/wp-json\/wp\/v2\/product_brand?post=5370"},{"taxonomy":"product_cat","embeddable":true,"href":"https:\/\/www.bottegaveraorvieto.it\/en\/wp-json\/wp\/v2\/product_cat?post=5370"},{"taxonomy":"product_tag","embeddable":true,"href":"https:\/\/www.bottegaveraorvieto.it\/en\/wp-json\/wp\/v2\/product_tag?post=5370"}],"curies":[{"name":"wp","href":"https:\/\/api.w.org\/{rel}","templated":true}]}}