{"id":5378,"date":"2023-08-31T16:26:25","date_gmt":"2023-08-31T14:26:25","guid":{"rendered":"https:\/\/www.bottegaveraorvieto.it\/prodotto\/amarone-2015-speri\/"},"modified":"2023-08-31T16:26:25","modified_gmt":"2023-08-31T14:26:25","slug":"amarone-2015-speri","status":"publish","type":"product","link":"https:\/\/www.bottegaveraorvieto.it\/en\/product\/amarone-2015-speri\/","title":{"rendered":"Amarone 2015 &#8211; Speri"},"content":{"rendered":"<BR>\r\n<strong>VIGNETI<\/strong>: Propriet\u00e0 Monte Sant\u2019Urbano, nel comune di Fumane. Situato su una collina ad una altitudine tra i 280 e i 350 m.\/s.l.m. \u2013 elevata et\u00e0 media delle vigne.\r\n<BR>\r\n<strong>VITIGNI<\/strong>: Corvina Veronese e Corvinone 70%,\r\nRondinella 25%,\r\nMolinara 5%.\r\n<BR>\r\n<strong>VINIFICAZIONE<\/strong>: Selezione manuale dei migliori grappoli e successivo appassimento per circa 100 giorni, con calo ponderale idel 40% circa. Successiva pigiatura e lunga fermentazione con macerazione.\r\n<BR>\r\n<strong>INVECCHIAMENTO<\/strong>: 24 mesi in tonneaux di rovere francese da 500 l.; a seguire 18 mesi in botti medio-grandi di rovere di Slavonia. Affinamento in bottiglia di 12 mesi.\r\n<BR>\r\n<strong>GRADO ALCOLICO<\/strong>: 15% vol.\r\n<BR>\r\n<strong>CARATTERISTICHE ORGANOLETTICHE<\/strong>: Di colore rosso granato intenso, ha un profumo etereo di frutta appassita. Al palato \u00e8 corposo, caldo, avvolgente, asciutto. Vino importante e di rara eleganza, si presta bene all\u2019invecchiamento.\r\n<BR>\r\n<strong>ABBINAMENTO GASTRONOMICO<\/strong>: Indicato con secondi piatti robusti di carni rosse come brasati e cacciagione, ottimo con formaggi stagionati.\r\n<BR>\r\n\r\n\r\n\r\n<strong>INFORMAZIONI EXTRA:<\/strong>AMARONE DELLA VALPOLICELLA CLASSICO SANT\u2019URBANO<br> Denominazione di origine controllata e garantita.Simbolo indiscusso della famiglia Speri, l\u2019Amarone Sant\u2019Urbano \u00e8 un eccellente esempio di finezza e classicit\u00e0. Un vino straordinario di grande complessit\u00e0 e vigorosa struttura da sempre ai vertici per eleganza e qualit\u00e0.","protected":false},"excerpt":{"rendered":"<div>\n<h4>AMARONE 2015<br \/>Speri<\/h4>\n<\/div>\n","protected":false},"featured_media":4993,"template":"","meta":{"_mbp_gutenberg_autopost":false},"product_brand":[],"product_cat":[65],"product_tag":[],"class_list":{"0":"post-5378","1":"product","2":"type-product","3":"status-publish","4":"has-post-thumbnail","6":"product_cat-wines-and-bubbles","8":"first","9":"instock","10":"sale","11":"taxable","12":"shipping-taxable","13":"purchasable","14":"product-type-simple"},"yoast_head":"<!-- This site is optimized with the Yoast SEO plugin v27.3 - https:\/\/yoast.com\/product\/yoast-seo-wordpress\/ -->\n<title>Amarone 2015 - Speri - Bottega Vera Orvieto<\/title>\n<meta name=\"robots\" content=\"index, follow, max-snippet:-1, max-image-preview:large, max-video-preview:-1\" \/>\n<link rel=\"canonical\" href=\"https:\/\/www.bottegaveraorvieto.it\/en\/prodotto\/amarone-2015-speri\/\" \/>\n<meta property=\"og:locale\" content=\"en_US\" \/>\n<meta property=\"og:type\" content=\"article\" \/>\n<meta property=\"og:title\" content=\"Amarone 2015 - Speri - Bottega Vera Orvieto\" \/>\n<meta property=\"og:description\" content=\"AMARONE 2015Speri\" \/>\n<meta property=\"og:url\" content=\"https:\/\/www.bottegaveraorvieto.it\/en\/prodotto\/amarone-2015-speri\/\" \/>\n<meta property=\"og:site_name\" content=\"Bottega Vera Orvieto\" \/>\n<meta property=\"article:publisher\" content=\"https:\/\/www.facebook.com\/Bottegaveraorvieto\/\" \/>\n<meta name=\"twitter:card\" content=\"summary_large_image\" \/>\n<meta name=\"twitter:label1\" content=\"Est. reading time\" \/>\n\t<meta name=\"twitter:data1\" content=\"1 minute\" \/>\n<script type=\"application\/ld+json\" class=\"yoast-schema-graph\">{\"@context\":\"https:\\\/\\\/schema.org\",\"@graph\":[{\"@type\":\"WebPage\",\"@id\":\"https:\\\/\\\/www.bottegaveraorvieto.it\\\/en\\\/prodotto\\\/amarone-2015-speri\\\/\",\"url\":\"https:\\\/\\\/www.bottegaveraorvieto.it\\\/en\\\/prodotto\\\/amarone-2015-speri\\\/\",\"name\":\"Amarone 2015 - Speri - Bottega Vera Orvieto\",\"isPartOf\":{\"@id\":\"https:\\\/\\\/www.bottegaveraorvieto.it\\\/#website\"},\"primaryImageOfPage\":{\"@id\":\"https:\\\/\\\/www.bottegaveraorvieto.it\\\/en\\\/prodotto\\\/amarone-2015-speri\\\/#primaryimage\"},\"image\":{\"@id\":\"https:\\\/\\\/www.bottegaveraorvieto.it\\\/en\\\/prodotto\\\/amarone-2015-speri\\\/#primaryimage\"},\"thumbnailUrl\":\"https:\\\/\\\/www.bottegaveraorvieto.it\\\/wp-content\\\/uploads\\\/2023\\\/08\\\/IMG_1552.jpg\",\"datePublished\":\"2023-08-31T14:26:25+00:00\",\"breadcrumb\":{\"@id\":\"https:\\\/\\\/www.bottegaveraorvieto.it\\\/en\\\/prodotto\\\/amarone-2015-speri\\\/#breadcrumb\"},\"inLanguage\":\"en-US\",\"potentialAction\":[{\"@type\":\"ReadAction\",\"target\":[\"https:\\\/\\\/www.bottegaveraorvieto.it\\\/en\\\/prodotto\\\/amarone-2015-speri\\\/\"]}]},{\"@type\":\"ImageObject\",\"inLanguage\":\"en-US\",\"@id\":\"https:\\\/\\\/www.bottegaveraorvieto.it\\\/en\\\/prodotto\\\/amarone-2015-speri\\\/#primaryimage\",\"url\":\"https:\\\/\\\/www.bottegaveraorvieto.it\\\/wp-content\\\/uploads\\\/2023\\\/08\\\/IMG_1552.jpg\",\"contentUrl\":\"https:\\\/\\\/www.bottegaveraorvieto.it\\\/wp-content\\\/uploads\\\/2023\\\/08\\\/IMG_1552.jpg\",\"width\":480,\"height\":640},{\"@type\":\"BreadcrumbList\",\"@id\":\"https:\\\/\\\/www.bottegaveraorvieto.it\\\/en\\\/prodotto\\\/amarone-2015-speri\\\/#breadcrumb\",\"itemListElement\":[{\"@type\":\"ListItem\",\"position\":1,\"name\":\"Home\",\"item\":\"https:\\\/\\\/www.bottegaveraorvieto.it\\\/en\\\/\"},{\"@type\":\"ListItem\",\"position\":2,\"name\":\"Amarone 2015 &#8211; Speri\"}]},{\"@type\":\"WebSite\",\"@id\":\"https:\\\/\\\/www.bottegaveraorvieto.it\\\/#website\",\"url\":\"https:\\\/\\\/www.bottegaveraorvieto.it\\\/\",\"name\":\"Bottega Vera Orvieto\",\"description\":\"\",\"publisher\":{\"@id\":\"https:\\\/\\\/www.bottegaveraorvieto.it\\\/#organization\"},\"potentialAction\":[{\"@type\":\"SearchAction\",\"target\":{\"@type\":\"EntryPoint\",\"urlTemplate\":\"https:\\\/\\\/www.bottegaveraorvieto.it\\\/?s={search_term_string}\"},\"query-input\":{\"@type\":\"PropertyValueSpecification\",\"valueRequired\":true,\"valueName\":\"search_term_string\"}}],\"inLanguage\":\"en-US\"},{\"@type\":\"Organization\",\"@id\":\"https:\\\/\\\/www.bottegaveraorvieto.it\\\/#organization\",\"name\":\"Bottega V\u00e8ra\",\"url\":\"https:\\\/\\\/www.bottegaveraorvieto.it\\\/\",\"logo\":{\"@type\":\"ImageObject\",\"inLanguage\":\"en-US\",\"@id\":\"https:\\\/\\\/www.bottegaveraorvieto.it\\\/#\\\/schema\\\/logo\\\/image\\\/\",\"url\":\"https:\\\/\\\/www.bottegaveraorvieto.it\\\/wp-content\\\/uploads\\\/2023\\\/09\\\/40007778_834510616745002_8068869022210326528_n.jpg\",\"contentUrl\":\"https:\\\/\\\/www.bottegaveraorvieto.it\\\/wp-content\\\/uploads\\\/2023\\\/09\\\/40007778_834510616745002_8068869022210326528_n.jpg\",\"width\":1000,\"height\":667,\"caption\":\"Bottega V\u00e8ra\"},\"image\":{\"@id\":\"https:\\\/\\\/www.bottegaveraorvieto.it\\\/#\\\/schema\\\/logo\\\/image\\\/\"},\"sameAs\":[\"https:\\\/\\\/www.facebook.com\\\/Bottegaveraorvieto\\\/\",\"https:\\\/\\\/www.instagram.com\\\/bottegaveraorvieto\\\/\"]}]}<\/script>\n<!-- \/ Yoast SEO plugin. -->","yoast_head_json":{"title":"Amarone 2015 - Speri - Bottega Vera Orvieto","robots":{"index":"index","follow":"follow","max-snippet":"max-snippet:-1","max-image-preview":"max-image-preview:large","max-video-preview":"max-video-preview:-1"},"canonical":"https:\/\/www.bottegaveraorvieto.it\/en\/prodotto\/amarone-2015-speri\/","og_locale":"en_US","og_type":"article","og_title":"Amarone 2015 - Speri - Bottega Vera Orvieto","og_description":"AMARONE 2015Speri","og_url":"https:\/\/www.bottegaveraorvieto.it\/en\/prodotto\/amarone-2015-speri\/","og_site_name":"Bottega Vera Orvieto","article_publisher":"https:\/\/www.facebook.com\/Bottegaveraorvieto\/","twitter_card":"summary_large_image","twitter_misc":{"Est. reading time":"1 minute"},"schema":{"@context":"https:\/\/schema.org","@graph":[{"@type":"WebPage","@id":"https:\/\/www.bottegaveraorvieto.it\/en\/prodotto\/amarone-2015-speri\/","url":"https:\/\/www.bottegaveraorvieto.it\/en\/prodotto\/amarone-2015-speri\/","name":"Amarone 2015 - Speri - Bottega Vera Orvieto","isPartOf":{"@id":"https:\/\/www.bottegaveraorvieto.it\/#website"},"primaryImageOfPage":{"@id":"https:\/\/www.bottegaveraorvieto.it\/en\/prodotto\/amarone-2015-speri\/#primaryimage"},"image":{"@id":"https:\/\/www.bottegaveraorvieto.it\/en\/prodotto\/amarone-2015-speri\/#primaryimage"},"thumbnailUrl":"https:\/\/www.bottegaveraorvieto.it\/wp-content\/uploads\/2023\/08\/IMG_1552.jpg","datePublished":"2023-08-31T14:26:25+00:00","breadcrumb":{"@id":"https:\/\/www.bottegaveraorvieto.it\/en\/prodotto\/amarone-2015-speri\/#breadcrumb"},"inLanguage":"en-US","potentialAction":[{"@type":"ReadAction","target":["https:\/\/www.bottegaveraorvieto.it\/en\/prodotto\/amarone-2015-speri\/"]}]},{"@type":"ImageObject","inLanguage":"en-US","@id":"https:\/\/www.bottegaveraorvieto.it\/en\/prodotto\/amarone-2015-speri\/#primaryimage","url":"https:\/\/www.bottegaveraorvieto.it\/wp-content\/uploads\/2023\/08\/IMG_1552.jpg","contentUrl":"https:\/\/www.bottegaveraorvieto.it\/wp-content\/uploads\/2023\/08\/IMG_1552.jpg","width":480,"height":640},{"@type":"BreadcrumbList","@id":"https:\/\/www.bottegaveraorvieto.it\/en\/prodotto\/amarone-2015-speri\/#breadcrumb","itemListElement":[{"@type":"ListItem","position":1,"name":"Home","item":"https:\/\/www.bottegaveraorvieto.it\/en\/"},{"@type":"ListItem","position":2,"name":"Amarone 2015 &#8211; Speri"}]},{"@type":"WebSite","@id":"https:\/\/www.bottegaveraorvieto.it\/#website","url":"https:\/\/www.bottegaveraorvieto.it\/","name":"Bottega Vera Orvieto","description":"","publisher":{"@id":"https:\/\/www.bottegaveraorvieto.it\/#organization"},"potentialAction":[{"@type":"SearchAction","target":{"@type":"EntryPoint","urlTemplate":"https:\/\/www.bottegaveraorvieto.it\/?s={search_term_string}"},"query-input":{"@type":"PropertyValueSpecification","valueRequired":true,"valueName":"search_term_string"}}],"inLanguage":"en-US"},{"@type":"Organization","@id":"https:\/\/www.bottegaveraorvieto.it\/#organization","name":"Bottega V\u00e8ra","url":"https:\/\/www.bottegaveraorvieto.it\/","logo":{"@type":"ImageObject","inLanguage":"en-US","@id":"https:\/\/www.bottegaveraorvieto.it\/#\/schema\/logo\/image\/","url":"https:\/\/www.bottegaveraorvieto.it\/wp-content\/uploads\/2023\/09\/40007778_834510616745002_8068869022210326528_n.jpg","contentUrl":"https:\/\/www.bottegaveraorvieto.it\/wp-content\/uploads\/2023\/09\/40007778_834510616745002_8068869022210326528_n.jpg","width":1000,"height":667,"caption":"Bottega V\u00e8ra"},"image":{"@id":"https:\/\/www.bottegaveraorvieto.it\/#\/schema\/logo\/image\/"},"sameAs":["https:\/\/www.facebook.com\/Bottegaveraorvieto\/","https:\/\/www.instagram.com\/bottegaveraorvieto\/"]}]}},"_links":{"self":[{"href":"https:\/\/www.bottegaveraorvieto.it\/en\/wp-json\/wp\/v2\/product\/5378","targetHints":{"allow":["GET"]}}],"collection":[{"href":"https:\/\/www.bottegaveraorvieto.it\/en\/wp-json\/wp\/v2\/product"}],"about":[{"href":"https:\/\/www.bottegaveraorvieto.it\/en\/wp-json\/wp\/v2\/types\/product"}],"version-history":[{"count":0,"href":"https:\/\/www.bottegaveraorvieto.it\/en\/wp-json\/wp\/v2\/product\/5378\/revisions"}],"wp:featuredmedia":[{"embeddable":true,"href":"https:\/\/www.bottegaveraorvieto.it\/en\/wp-json\/wp\/v2\/media\/4993"}],"wp:attachment":[{"href":"https:\/\/www.bottegaveraorvieto.it\/en\/wp-json\/wp\/v2\/media?parent=5378"}],"wp:term":[{"taxonomy":"product_brand","embeddable":true,"href":"https:\/\/www.bottegaveraorvieto.it\/en\/wp-json\/wp\/v2\/product_brand?post=5378"},{"taxonomy":"product_cat","embeddable":true,"href":"https:\/\/www.bottegaveraorvieto.it\/en\/wp-json\/wp\/v2\/product_cat?post=5378"},{"taxonomy":"product_tag","embeddable":true,"href":"https:\/\/www.bottegaveraorvieto.it\/en\/wp-json\/wp\/v2\/product_tag?post=5378"}],"curies":[{"name":"wp","href":"https:\/\/api.w.org\/{rel}","templated":true}]}}