{"id":5417,"date":"2023-08-31T16:26:15","date_gmt":"2023-08-31T14:26:15","guid":{"rendered":"https:\/\/www.bottegaveraorvieto.it\/prodotto\/nobile-di-montepulciano-riserva-2016-boscarelli\/"},"modified":"2023-08-31T16:26:15","modified_gmt":"2023-08-31T14:26:15","slug":"nobile-di-montepulciano-riserva-2016-boscarelli","status":"publish","type":"product","link":"https:\/\/www.bottegaveraorvieto.it\/en\/product\/nobile-di-montepulciano-riserva-2016-boscarelli\/","title":{"rendered":"Nobile di Montepulciano Riserva 2016 &#8211; Boscarelli"},"content":{"rendered":"<br>Questa Riserva \u00e8 stata riproposta dall\u2019annata 2010 dopo quasi 20 anni dalla sua ultima edizione nel 1992. Abbiamo fatto quella pausa perch\u00e9 negli ultimi 26 anni abbiamo progressivamente riselezionato e ripiantato i nostri vigneti storici; ci eravamo concentrati sulle selezioni clonali, sulle diverse espressivit\u00e0 del Sangiovese in relazione alle variazioni pedoclimatiche e sulla possibilit\u00e0 di combinare le caratteristiche del Sangiovese con altri vitigni internazionali. Nel 2010 invece abbiamo riscontrato nelle uve dei primi reimpianti di vitigni autoctoni un\u2019aumentata complessit\u00e0 e struttura, che ci hanno convinti a riproporre solo da uve autoctone la Riserva di Vino Nobile, proprio come negli anni \u201870 e \u201880.<br>\r\n\r\n<strong>Caratteristiche del terreno<\/strong>\r\nSi tratta del nucleo storico dei vigneti dei Poderi Boscarelli a Cervognano. Sono vigneti impiantati su terreni calcarei, di origine alluvionale e sabbiosi con buona percentuale di limo, argilla e minerali, nonch\u00e9 ricchi di scheletro sassoso variante secondo le giaciture. La densit\u00e0 media di impianto \u00e8 oggi di 6500 ceppi per ettaro.<br>\r\n\r\n<strong>Tipologia e selezione delle uve<\/strong>\r\nIl vino \u00e8 prodotto con uve selezionate in vigneti di almeno 20 anni di et\u00e0 che conferiscono una maggiore complessit\u00e0 e un ottimo potenziale di invecchiamento. I vitigni che contribuiscono alla composizione di Vino Nobile Riserva sono per l\u201988% Sangiovese Prugnolo Gentile e Colorino.\r\n<br>\r\n<strong>Vinificazione<\/strong>\r\nLe uve vengono raccolte manualmente e trasportate in cassette; dopo la diraspatura e una pigiatura soffice vengono poste a fermentare in tini di rovere riempiti a non pi\u00f9 di due terzi della loro capacit\u00e0. Lieviti autoctoni vengono utilizzati durante il processo di fermentazione che dura circa 10 giorni a temperature controllate tra i 28 e i 30 gradi. Vengono effettuati rimontaggi e follature manuali del cappello. La macerazione, se \u00e8 il caso, prosegue per altri 5\/8 giorni dopo la fermentazione.\r\n<br>\r\n<strong>Invecchiamento<\/strong>\r\nLa Riserva affina in legno di rovere di Slavonia o Francese con capacit\u00e0 variabile dai 5 ai 25 hl. La fermentazione malolattica conferisce eleganza e finezza a questo vino. La maturazione dura dai 28 ai 32 mesi. Prima della commercializzazione il vino affina in bottiglia per alcuni mesi.\r\n<br>\r\n<strong>Maturit\u00e0 ottimale<\/strong>\r\nIl potenziale di invecchiamento della nostra Riserva \u00e8 di alcuni decenni, mentre il periodo di maturazione ottimale da noi consigliato varia, a seconda delle annate, dal quinto al decimo anno dalla vendemmia.<br>","protected":false},"excerpt":{"rendered":"<div>\n<h4>NOBILE DI MONTEPULCIANO RISERVA 2016 <br \/> Boscarelli<\/h4>\n<\/div>\n","protected":false},"featured_media":4971,"template":"","meta":{"_mbp_gutenberg_autopost":false},"product_brand":[],"product_cat":[72,65],"product_tag":[],"class_list":{"0":"post-5417","1":"product","2":"type-product","3":"status-publish","4":"has-post-thumbnail","6":"product_cat-christmas-gifts","7":"product_cat-wines-and-bubbles","9":"first","10":"instock","11":"taxable","12":"shipping-taxable","13":"purchasable","14":"product-type-simple"},"yoast_head":"<!-- This site is optimized with the Yoast SEO plugin v27.3 - https:\/\/yoast.com\/product\/yoast-seo-wordpress\/ -->\n<title>Nobile di Montepulciano Riserva 2016 - Boscarelli - Bottega Vera Orvieto<\/title>\n<meta name=\"robots\" content=\"index, follow, max-snippet:-1, max-image-preview:large, max-video-preview:-1\" \/>\n<link rel=\"canonical\" href=\"https:\/\/www.bottegaveraorvieto.it\/en\/prodotto\/nobile-di-montepulciano-riserva-2016-boscarelli\/\" \/>\n<meta property=\"og:locale\" content=\"en_US\" \/>\n<meta property=\"og:type\" content=\"article\" \/>\n<meta property=\"og:title\" content=\"Nobile di Montepulciano Riserva 2016 - Boscarelli - Bottega Vera Orvieto\" \/>\n<meta property=\"og:description\" content=\"NOBILE DI MONTEPULCIANO RISERVA 2016 Boscarelli\" \/>\n<meta property=\"og:url\" content=\"https:\/\/www.bottegaveraorvieto.it\/en\/prodotto\/nobile-di-montepulciano-riserva-2016-boscarelli\/\" \/>\n<meta property=\"og:site_name\" content=\"Bottega Vera Orvieto\" \/>\n<meta property=\"article:publisher\" content=\"https:\/\/www.facebook.com\/Bottegaveraorvieto\/\" \/>\n<meta name=\"twitter:card\" content=\"summary_large_image\" \/>\n<meta name=\"twitter:label1\" content=\"Est. reading time\" \/>\n\t<meta name=\"twitter:data1\" content=\"2 minutes\" \/>\n<script type=\"application\/ld+json\" class=\"yoast-schema-graph\">{\"@context\":\"https:\\\/\\\/schema.org\",\"@graph\":[{\"@type\":\"WebPage\",\"@id\":\"https:\\\/\\\/www.bottegaveraorvieto.it\\\/en\\\/prodotto\\\/nobile-di-montepulciano-riserva-2016-boscarelli\\\/\",\"url\":\"https:\\\/\\\/www.bottegaveraorvieto.it\\\/en\\\/prodotto\\\/nobile-di-montepulciano-riserva-2016-boscarelli\\\/\",\"name\":\"Nobile di Montepulciano Riserva 2016 - Boscarelli - Bottega Vera Orvieto\",\"isPartOf\":{\"@id\":\"https:\\\/\\\/www.bottegaveraorvieto.it\\\/#website\"},\"primaryImageOfPage\":{\"@id\":\"https:\\\/\\\/www.bottegaveraorvieto.it\\\/en\\\/prodotto\\\/nobile-di-montepulciano-riserva-2016-boscarelli\\\/#primaryimage\"},\"image\":{\"@id\":\"https:\\\/\\\/www.bottegaveraorvieto.it\\\/en\\\/prodotto\\\/nobile-di-montepulciano-riserva-2016-boscarelli\\\/#primaryimage\"},\"thumbnailUrl\":\"https:\\\/\\\/www.bottegaveraorvieto.it\\\/wp-content\\\/uploads\\\/2023\\\/08\\\/IMG_1568-1.jpg\",\"datePublished\":\"2023-08-31T14:26:15+00:00\",\"breadcrumb\":{\"@id\":\"https:\\\/\\\/www.bottegaveraorvieto.it\\\/en\\\/prodotto\\\/nobile-di-montepulciano-riserva-2016-boscarelli\\\/#breadcrumb\"},\"inLanguage\":\"en-US\",\"potentialAction\":[{\"@type\":\"ReadAction\",\"target\":[\"https:\\\/\\\/www.bottegaveraorvieto.it\\\/en\\\/prodotto\\\/nobile-di-montepulciano-riserva-2016-boscarelli\\\/\"]}]},{\"@type\":\"ImageObject\",\"inLanguage\":\"en-US\",\"@id\":\"https:\\\/\\\/www.bottegaveraorvieto.it\\\/en\\\/prodotto\\\/nobile-di-montepulciano-riserva-2016-boscarelli\\\/#primaryimage\",\"url\":\"https:\\\/\\\/www.bottegaveraorvieto.it\\\/wp-content\\\/uploads\\\/2023\\\/08\\\/IMG_1568-1.jpg\",\"contentUrl\":\"https:\\\/\\\/www.bottegaveraorvieto.it\\\/wp-content\\\/uploads\\\/2023\\\/08\\\/IMG_1568-1.jpg\",\"width\":1536,\"height\":2048},{\"@type\":\"BreadcrumbList\",\"@id\":\"https:\\\/\\\/www.bottegaveraorvieto.it\\\/en\\\/prodotto\\\/nobile-di-montepulciano-riserva-2016-boscarelli\\\/#breadcrumb\",\"itemListElement\":[{\"@type\":\"ListItem\",\"position\":1,\"name\":\"Home\",\"item\":\"https:\\\/\\\/www.bottegaveraorvieto.it\\\/en\\\/\"},{\"@type\":\"ListItem\",\"position\":2,\"name\":\"Nobile di Montepulciano Riserva 2016 &#8211; Boscarelli\"}]},{\"@type\":\"WebSite\",\"@id\":\"https:\\\/\\\/www.bottegaveraorvieto.it\\\/#website\",\"url\":\"https:\\\/\\\/www.bottegaveraorvieto.it\\\/\",\"name\":\"Bottega Vera Orvieto\",\"description\":\"\",\"publisher\":{\"@id\":\"https:\\\/\\\/www.bottegaveraorvieto.it\\\/#organization\"},\"potentialAction\":[{\"@type\":\"SearchAction\",\"target\":{\"@type\":\"EntryPoint\",\"urlTemplate\":\"https:\\\/\\\/www.bottegaveraorvieto.it\\\/?s={search_term_string}\"},\"query-input\":{\"@type\":\"PropertyValueSpecification\",\"valueRequired\":true,\"valueName\":\"search_term_string\"}}],\"inLanguage\":\"en-US\"},{\"@type\":\"Organization\",\"@id\":\"https:\\\/\\\/www.bottegaveraorvieto.it\\\/#organization\",\"name\":\"Bottega V\u00e8ra\",\"url\":\"https:\\\/\\\/www.bottegaveraorvieto.it\\\/\",\"logo\":{\"@type\":\"ImageObject\",\"inLanguage\":\"en-US\",\"@id\":\"https:\\\/\\\/www.bottegaveraorvieto.it\\\/#\\\/schema\\\/logo\\\/image\\\/\",\"url\":\"https:\\\/\\\/www.bottegaveraorvieto.it\\\/wp-content\\\/uploads\\\/2023\\\/09\\\/40007778_834510616745002_8068869022210326528_n.jpg\",\"contentUrl\":\"https:\\\/\\\/www.bottegaveraorvieto.it\\\/wp-content\\\/uploads\\\/2023\\\/09\\\/40007778_834510616745002_8068869022210326528_n.jpg\",\"width\":1000,\"height\":667,\"caption\":\"Bottega V\u00e8ra\"},\"image\":{\"@id\":\"https:\\\/\\\/www.bottegaveraorvieto.it\\\/#\\\/schema\\\/logo\\\/image\\\/\"},\"sameAs\":[\"https:\\\/\\\/www.facebook.com\\\/Bottegaveraorvieto\\\/\",\"https:\\\/\\\/www.instagram.com\\\/bottegaveraorvieto\\\/\"]}]}<\/script>\n<!-- \/ Yoast SEO plugin. -->","yoast_head_json":{"title":"Nobile di Montepulciano Riserva 2016 - Boscarelli - Bottega Vera Orvieto","robots":{"index":"index","follow":"follow","max-snippet":"max-snippet:-1","max-image-preview":"max-image-preview:large","max-video-preview":"max-video-preview:-1"},"canonical":"https:\/\/www.bottegaveraorvieto.it\/en\/prodotto\/nobile-di-montepulciano-riserva-2016-boscarelli\/","og_locale":"en_US","og_type":"article","og_title":"Nobile di Montepulciano Riserva 2016 - Boscarelli - Bottega Vera Orvieto","og_description":"NOBILE DI MONTEPULCIANO RISERVA 2016 Boscarelli","og_url":"https:\/\/www.bottegaveraorvieto.it\/en\/prodotto\/nobile-di-montepulciano-riserva-2016-boscarelli\/","og_site_name":"Bottega Vera Orvieto","article_publisher":"https:\/\/www.facebook.com\/Bottegaveraorvieto\/","twitter_card":"summary_large_image","twitter_misc":{"Est. reading time":"2 minutes"},"schema":{"@context":"https:\/\/schema.org","@graph":[{"@type":"WebPage","@id":"https:\/\/www.bottegaveraorvieto.it\/en\/prodotto\/nobile-di-montepulciano-riserva-2016-boscarelli\/","url":"https:\/\/www.bottegaveraorvieto.it\/en\/prodotto\/nobile-di-montepulciano-riserva-2016-boscarelli\/","name":"Nobile di Montepulciano Riserva 2016 - Boscarelli - Bottega Vera Orvieto","isPartOf":{"@id":"https:\/\/www.bottegaveraorvieto.it\/#website"},"primaryImageOfPage":{"@id":"https:\/\/www.bottegaveraorvieto.it\/en\/prodotto\/nobile-di-montepulciano-riserva-2016-boscarelli\/#primaryimage"},"image":{"@id":"https:\/\/www.bottegaveraorvieto.it\/en\/prodotto\/nobile-di-montepulciano-riserva-2016-boscarelli\/#primaryimage"},"thumbnailUrl":"https:\/\/www.bottegaveraorvieto.it\/wp-content\/uploads\/2023\/08\/IMG_1568-1.jpg","datePublished":"2023-08-31T14:26:15+00:00","breadcrumb":{"@id":"https:\/\/www.bottegaveraorvieto.it\/en\/prodotto\/nobile-di-montepulciano-riserva-2016-boscarelli\/#breadcrumb"},"inLanguage":"en-US","potentialAction":[{"@type":"ReadAction","target":["https:\/\/www.bottegaveraorvieto.it\/en\/prodotto\/nobile-di-montepulciano-riserva-2016-boscarelli\/"]}]},{"@type":"ImageObject","inLanguage":"en-US","@id":"https:\/\/www.bottegaveraorvieto.it\/en\/prodotto\/nobile-di-montepulciano-riserva-2016-boscarelli\/#primaryimage","url":"https:\/\/www.bottegaveraorvieto.it\/wp-content\/uploads\/2023\/08\/IMG_1568-1.jpg","contentUrl":"https:\/\/www.bottegaveraorvieto.it\/wp-content\/uploads\/2023\/08\/IMG_1568-1.jpg","width":1536,"height":2048},{"@type":"BreadcrumbList","@id":"https:\/\/www.bottegaveraorvieto.it\/en\/prodotto\/nobile-di-montepulciano-riserva-2016-boscarelli\/#breadcrumb","itemListElement":[{"@type":"ListItem","position":1,"name":"Home","item":"https:\/\/www.bottegaveraorvieto.it\/en\/"},{"@type":"ListItem","position":2,"name":"Nobile di Montepulciano Riserva 2016 &#8211; Boscarelli"}]},{"@type":"WebSite","@id":"https:\/\/www.bottegaveraorvieto.it\/#website","url":"https:\/\/www.bottegaveraorvieto.it\/","name":"Bottega Vera Orvieto","description":"","publisher":{"@id":"https:\/\/www.bottegaveraorvieto.it\/#organization"},"potentialAction":[{"@type":"SearchAction","target":{"@type":"EntryPoint","urlTemplate":"https:\/\/www.bottegaveraorvieto.it\/?s={search_term_string}"},"query-input":{"@type":"PropertyValueSpecification","valueRequired":true,"valueName":"search_term_string"}}],"inLanguage":"en-US"},{"@type":"Organization","@id":"https:\/\/www.bottegaveraorvieto.it\/#organization","name":"Bottega V\u00e8ra","url":"https:\/\/www.bottegaveraorvieto.it\/","logo":{"@type":"ImageObject","inLanguage":"en-US","@id":"https:\/\/www.bottegaveraorvieto.it\/#\/schema\/logo\/image\/","url":"https:\/\/www.bottegaveraorvieto.it\/wp-content\/uploads\/2023\/09\/40007778_834510616745002_8068869022210326528_n.jpg","contentUrl":"https:\/\/www.bottegaveraorvieto.it\/wp-content\/uploads\/2023\/09\/40007778_834510616745002_8068869022210326528_n.jpg","width":1000,"height":667,"caption":"Bottega V\u00e8ra"},"image":{"@id":"https:\/\/www.bottegaveraorvieto.it\/#\/schema\/logo\/image\/"},"sameAs":["https:\/\/www.facebook.com\/Bottegaveraorvieto\/","https:\/\/www.instagram.com\/bottegaveraorvieto\/"]}]}},"_links":{"self":[{"href":"https:\/\/www.bottegaveraorvieto.it\/en\/wp-json\/wp\/v2\/product\/5417","targetHints":{"allow":["GET"]}}],"collection":[{"href":"https:\/\/www.bottegaveraorvieto.it\/en\/wp-json\/wp\/v2\/product"}],"about":[{"href":"https:\/\/www.bottegaveraorvieto.it\/en\/wp-json\/wp\/v2\/types\/product"}],"version-history":[{"count":0,"href":"https:\/\/www.bottegaveraorvieto.it\/en\/wp-json\/wp\/v2\/product\/5417\/revisions"}],"wp:featuredmedia":[{"embeddable":true,"href":"https:\/\/www.bottegaveraorvieto.it\/en\/wp-json\/wp\/v2\/media\/4971"}],"wp:attachment":[{"href":"https:\/\/www.bottegaveraorvieto.it\/en\/wp-json\/wp\/v2\/media?parent=5417"}],"wp:term":[{"taxonomy":"product_brand","embeddable":true,"href":"https:\/\/www.bottegaveraorvieto.it\/en\/wp-json\/wp\/v2\/product_brand?post=5417"},{"taxonomy":"product_cat","embeddable":true,"href":"https:\/\/www.bottegaveraorvieto.it\/en\/wp-json\/wp\/v2\/product_cat?post=5417"},{"taxonomy":"product_tag","embeddable":true,"href":"https:\/\/www.bottegaveraorvieto.it\/en\/wp-json\/wp\/v2\/product_tag?post=5417"}],"curies":[{"name":"wp","href":"https:\/\/api.w.org\/{rel}","templated":true}]}}