{"id":5420,"date":"2023-08-31T16:26:15","date_gmt":"2023-08-31T14:26:15","guid":{"rendered":"https:\/\/www.bottegaveraorvieto.it\/prodotto\/chianti-rufina-riserva-docg-nipozzano-2016-frescobaldi\/"},"modified":"2023-08-31T16:26:15","modified_gmt":"2023-08-31T14:26:15","slug":"chianti-rufina-riserva-docg-nipozzano-2016-frescobaldi","status":"publish","type":"product","link":"https:\/\/www.bottegaveraorvieto.it\/en\/product\/chianti-rufina-riserva-docg-nipozzano-2016-frescobaldi\/","title":{"rendered":"Chianti Rufina Riserva DOCG Nipozzano 2016- Frescobaldi"},"content":{"rendered":"<BR>\r\n<strong>VINIFICAZIONE ED AFFINAMENTO<\/strong>:  La vendemmia \u00e8 iniziata i primi giorni di Settembre. Le uve, non appena vendemmiate, sono state immediatamente conferite in cantina. Qui una volta diraspate, \u00e8 avvenuto il processo fermentativo spontaneo in vasche di acciaio inox termoregolate. Al termine di questo, il vino \u00e8 rimasto nei tini per concludere la macerazione. In seguito alla svinatura \u00e8 avvenuta la fermentazione malo-lattica, condotta sempre in acciaio. Alla fine dell\u2019anno il vino \u00e8 stato travasato in barriques, dove ha affinato per i successivi 24 mesi. L\u2019ulteriore periodo in bottiglia ha permesso a Nipozzano 2016 di esprimersi al massimo, rendendolo un vino dall\u2019eccezionale equilibrio espressivo.\r\n<BR>\r\n<strong>NOTE TECNICHE<\/strong>: Variet\u00e0: Sangiovese e variet\u00e0 complementari Contenitori di affinamento: barriques Tempo di affinamento: 24 mesi Grado alcolico: 13%\r\n<BR>\r\n<strong>NOTE DI DEGUSTAZIONE<\/strong>: Nipozzano 2016 rappresenta con forza e finezza le caratteristiche di questa grande annata. Il suo colore rosso rubino intenso ne denota un carattere deciso ed elegante. I frutti rossi e le note degli agrumi maturi, danno luogo ad un naso delicatamente fruttato, cui fanno seguito eleganti note di viola. Il tutto \u00e8 completato da una leggera speziatura. Il palato si esprime con un\u2019intrigante complessit\u00e0 armonica; \u00e8 denso e persistente.\r\n<BR>\r\n\r\n\r\n<strong>INFORMAZIONI EXTRA:<\/strong>NIPOZZANO\r\n\r\nChianti Rufina Riserva DOCG Emblematico vino del Castello Nipozzano, storica tenuta Frescobaldi pochi km a nord-est di Firenze, Nipozzano Riserva \u00e8 il simbolo della tradizione vitivinicola Toscana e dell\u2019indissolubile legame con il territorio.","protected":false},"excerpt":{"rendered":"<div>\n<h4>CHIANTI RUFINA RISERVA DOCG NIPOZZANO 2016<br \/>Frescobaldi<\/h4>\n<\/div>\n","protected":false},"featured_media":4969,"template":"","meta":{"_mbp_gutenberg_autopost":false},"product_brand":[],"product_cat":[65],"product_tag":[],"class_list":{"0":"post-5420","1":"product","2":"type-product","3":"status-publish","4":"has-post-thumbnail","6":"product_cat-wines-and-bubbles","8":"first","9":"instock","10":"sale","11":"taxable","12":"shipping-taxable","13":"purchasable","14":"product-type-simple"},"yoast_head":"<!-- This site is optimized with the Yoast SEO plugin v27.3 - https:\/\/yoast.com\/product\/yoast-seo-wordpress\/ -->\n<title>Chianti Rufina Riserva DOCG Nipozzano 2016- Frescobaldi - Bottega Vera Orvieto<\/title>\n<meta name=\"robots\" content=\"index, follow, max-snippet:-1, max-image-preview:large, max-video-preview:-1\" \/>\n<link rel=\"canonical\" href=\"https:\/\/www.bottegaveraorvieto.it\/en\/prodotto\/chianti-rufina-riserva-docg-nipozzano-2016-frescobaldi\/\" \/>\n<meta property=\"og:locale\" content=\"en_US\" \/>\n<meta property=\"og:type\" content=\"article\" \/>\n<meta property=\"og:title\" content=\"Chianti Rufina Riserva DOCG Nipozzano 2016- Frescobaldi - Bottega Vera Orvieto\" \/>\n<meta property=\"og:description\" content=\"CHIANTI RUFINA RISERVA DOCG NIPOZZANO 2016Frescobaldi\" \/>\n<meta property=\"og:url\" content=\"https:\/\/www.bottegaveraorvieto.it\/en\/prodotto\/chianti-rufina-riserva-docg-nipozzano-2016-frescobaldi\/\" \/>\n<meta property=\"og:site_name\" content=\"Bottega Vera Orvieto\" \/>\n<meta property=\"article:publisher\" content=\"https:\/\/www.facebook.com\/Bottegaveraorvieto\/\" \/>\n<meta name=\"twitter:card\" content=\"summary_large_image\" \/>\n<meta name=\"twitter:label1\" content=\"Est. reading time\" \/>\n\t<meta name=\"twitter:data1\" content=\"1 minute\" \/>\n<script type=\"application\/ld+json\" class=\"yoast-schema-graph\">{\"@context\":\"https:\\\/\\\/schema.org\",\"@graph\":[{\"@type\":\"WebPage\",\"@id\":\"https:\\\/\\\/www.bottegaveraorvieto.it\\\/en\\\/prodotto\\\/chianti-rufina-riserva-docg-nipozzano-2016-frescobaldi\\\/\",\"url\":\"https:\\\/\\\/www.bottegaveraorvieto.it\\\/en\\\/prodotto\\\/chianti-rufina-riserva-docg-nipozzano-2016-frescobaldi\\\/\",\"name\":\"Chianti Rufina Riserva DOCG Nipozzano 2016- Frescobaldi - Bottega Vera Orvieto\",\"isPartOf\":{\"@id\":\"https:\\\/\\\/www.bottegaveraorvieto.it\\\/#website\"},\"primaryImageOfPage\":{\"@id\":\"https:\\\/\\\/www.bottegaveraorvieto.it\\\/en\\\/prodotto\\\/chianti-rufina-riserva-docg-nipozzano-2016-frescobaldi\\\/#primaryimage\"},\"image\":{\"@id\":\"https:\\\/\\\/www.bottegaveraorvieto.it\\\/en\\\/prodotto\\\/chianti-rufina-riserva-docg-nipozzano-2016-frescobaldi\\\/#primaryimage\"},\"thumbnailUrl\":\"https:\\\/\\\/www.bottegaveraorvieto.it\\\/wp-content\\\/uploads\\\/2023\\\/08\\\/Nipozzano-Riserva.jpg\",\"datePublished\":\"2023-08-31T14:26:15+00:00\",\"breadcrumb\":{\"@id\":\"https:\\\/\\\/www.bottegaveraorvieto.it\\\/en\\\/prodotto\\\/chianti-rufina-riserva-docg-nipozzano-2016-frescobaldi\\\/#breadcrumb\"},\"inLanguage\":\"en-US\",\"potentialAction\":[{\"@type\":\"ReadAction\",\"target\":[\"https:\\\/\\\/www.bottegaveraorvieto.it\\\/en\\\/prodotto\\\/chianti-rufina-riserva-docg-nipozzano-2016-frescobaldi\\\/\"]}]},{\"@type\":\"ImageObject\",\"inLanguage\":\"en-US\",\"@id\":\"https:\\\/\\\/www.bottegaveraorvieto.it\\\/en\\\/prodotto\\\/chianti-rufina-riserva-docg-nipozzano-2016-frescobaldi\\\/#primaryimage\",\"url\":\"https:\\\/\\\/www.bottegaveraorvieto.it\\\/wp-content\\\/uploads\\\/2023\\\/08\\\/Nipozzano-Riserva.jpg\",\"contentUrl\":\"https:\\\/\\\/www.bottegaveraorvieto.it\\\/wp-content\\\/uploads\\\/2023\\\/08\\\/Nipozzano-Riserva.jpg\",\"width\":2048,\"height\":2048},{\"@type\":\"BreadcrumbList\",\"@id\":\"https:\\\/\\\/www.bottegaveraorvieto.it\\\/en\\\/prodotto\\\/chianti-rufina-riserva-docg-nipozzano-2016-frescobaldi\\\/#breadcrumb\",\"itemListElement\":[{\"@type\":\"ListItem\",\"position\":1,\"name\":\"Home\",\"item\":\"https:\\\/\\\/www.bottegaveraorvieto.it\\\/en\\\/\"},{\"@type\":\"ListItem\",\"position\":2,\"name\":\"Chianti Rufina Riserva DOCG Nipozzano 2016- Frescobaldi\"}]},{\"@type\":\"WebSite\",\"@id\":\"https:\\\/\\\/www.bottegaveraorvieto.it\\\/#website\",\"url\":\"https:\\\/\\\/www.bottegaveraorvieto.it\\\/\",\"name\":\"Bottega Vera Orvieto\",\"description\":\"\",\"publisher\":{\"@id\":\"https:\\\/\\\/www.bottegaveraorvieto.it\\\/#organization\"},\"potentialAction\":[{\"@type\":\"SearchAction\",\"target\":{\"@type\":\"EntryPoint\",\"urlTemplate\":\"https:\\\/\\\/www.bottegaveraorvieto.it\\\/?s={search_term_string}\"},\"query-input\":{\"@type\":\"PropertyValueSpecification\",\"valueRequired\":true,\"valueName\":\"search_term_string\"}}],\"inLanguage\":\"en-US\"},{\"@type\":\"Organization\",\"@id\":\"https:\\\/\\\/www.bottegaveraorvieto.it\\\/#organization\",\"name\":\"Bottega V\u00e8ra\",\"url\":\"https:\\\/\\\/www.bottegaveraorvieto.it\\\/\",\"logo\":{\"@type\":\"ImageObject\",\"inLanguage\":\"en-US\",\"@id\":\"https:\\\/\\\/www.bottegaveraorvieto.it\\\/#\\\/schema\\\/logo\\\/image\\\/\",\"url\":\"https:\\\/\\\/www.bottegaveraorvieto.it\\\/wp-content\\\/uploads\\\/2023\\\/09\\\/40007778_834510616745002_8068869022210326528_n.jpg\",\"contentUrl\":\"https:\\\/\\\/www.bottegaveraorvieto.it\\\/wp-content\\\/uploads\\\/2023\\\/09\\\/40007778_834510616745002_8068869022210326528_n.jpg\",\"width\":1000,\"height\":667,\"caption\":\"Bottega V\u00e8ra\"},\"image\":{\"@id\":\"https:\\\/\\\/www.bottegaveraorvieto.it\\\/#\\\/schema\\\/logo\\\/image\\\/\"},\"sameAs\":[\"https:\\\/\\\/www.facebook.com\\\/Bottegaveraorvieto\\\/\",\"https:\\\/\\\/www.instagram.com\\\/bottegaveraorvieto\\\/\"]}]}<\/script>\n<!-- \/ Yoast SEO plugin. -->","yoast_head_json":{"title":"Chianti Rufina Riserva DOCG Nipozzano 2016- Frescobaldi - Bottega Vera Orvieto","robots":{"index":"index","follow":"follow","max-snippet":"max-snippet:-1","max-image-preview":"max-image-preview:large","max-video-preview":"max-video-preview:-1"},"canonical":"https:\/\/www.bottegaveraorvieto.it\/en\/prodotto\/chianti-rufina-riserva-docg-nipozzano-2016-frescobaldi\/","og_locale":"en_US","og_type":"article","og_title":"Chianti Rufina Riserva DOCG Nipozzano 2016- Frescobaldi - Bottega Vera Orvieto","og_description":"CHIANTI RUFINA RISERVA DOCG NIPOZZANO 2016Frescobaldi","og_url":"https:\/\/www.bottegaveraorvieto.it\/en\/prodotto\/chianti-rufina-riserva-docg-nipozzano-2016-frescobaldi\/","og_site_name":"Bottega Vera Orvieto","article_publisher":"https:\/\/www.facebook.com\/Bottegaveraorvieto\/","twitter_card":"summary_large_image","twitter_misc":{"Est. reading time":"1 minute"},"schema":{"@context":"https:\/\/schema.org","@graph":[{"@type":"WebPage","@id":"https:\/\/www.bottegaveraorvieto.it\/en\/prodotto\/chianti-rufina-riserva-docg-nipozzano-2016-frescobaldi\/","url":"https:\/\/www.bottegaveraorvieto.it\/en\/prodotto\/chianti-rufina-riserva-docg-nipozzano-2016-frescobaldi\/","name":"Chianti Rufina Riserva DOCG Nipozzano 2016- Frescobaldi - Bottega Vera Orvieto","isPartOf":{"@id":"https:\/\/www.bottegaveraorvieto.it\/#website"},"primaryImageOfPage":{"@id":"https:\/\/www.bottegaveraorvieto.it\/en\/prodotto\/chianti-rufina-riserva-docg-nipozzano-2016-frescobaldi\/#primaryimage"},"image":{"@id":"https:\/\/www.bottegaveraorvieto.it\/en\/prodotto\/chianti-rufina-riserva-docg-nipozzano-2016-frescobaldi\/#primaryimage"},"thumbnailUrl":"https:\/\/www.bottegaveraorvieto.it\/wp-content\/uploads\/2023\/08\/Nipozzano-Riserva.jpg","datePublished":"2023-08-31T14:26:15+00:00","breadcrumb":{"@id":"https:\/\/www.bottegaveraorvieto.it\/en\/prodotto\/chianti-rufina-riserva-docg-nipozzano-2016-frescobaldi\/#breadcrumb"},"inLanguage":"en-US","potentialAction":[{"@type":"ReadAction","target":["https:\/\/www.bottegaveraorvieto.it\/en\/prodotto\/chianti-rufina-riserva-docg-nipozzano-2016-frescobaldi\/"]}]},{"@type":"ImageObject","inLanguage":"en-US","@id":"https:\/\/www.bottegaveraorvieto.it\/en\/prodotto\/chianti-rufina-riserva-docg-nipozzano-2016-frescobaldi\/#primaryimage","url":"https:\/\/www.bottegaveraorvieto.it\/wp-content\/uploads\/2023\/08\/Nipozzano-Riserva.jpg","contentUrl":"https:\/\/www.bottegaveraorvieto.it\/wp-content\/uploads\/2023\/08\/Nipozzano-Riserva.jpg","width":2048,"height":2048},{"@type":"BreadcrumbList","@id":"https:\/\/www.bottegaveraorvieto.it\/en\/prodotto\/chianti-rufina-riserva-docg-nipozzano-2016-frescobaldi\/#breadcrumb","itemListElement":[{"@type":"ListItem","position":1,"name":"Home","item":"https:\/\/www.bottegaveraorvieto.it\/en\/"},{"@type":"ListItem","position":2,"name":"Chianti Rufina Riserva DOCG Nipozzano 2016- Frescobaldi"}]},{"@type":"WebSite","@id":"https:\/\/www.bottegaveraorvieto.it\/#website","url":"https:\/\/www.bottegaveraorvieto.it\/","name":"Bottega Vera Orvieto","description":"","publisher":{"@id":"https:\/\/www.bottegaveraorvieto.it\/#organization"},"potentialAction":[{"@type":"SearchAction","target":{"@type":"EntryPoint","urlTemplate":"https:\/\/www.bottegaveraorvieto.it\/?s={search_term_string}"},"query-input":{"@type":"PropertyValueSpecification","valueRequired":true,"valueName":"search_term_string"}}],"inLanguage":"en-US"},{"@type":"Organization","@id":"https:\/\/www.bottegaveraorvieto.it\/#organization","name":"Bottega V\u00e8ra","url":"https:\/\/www.bottegaveraorvieto.it\/","logo":{"@type":"ImageObject","inLanguage":"en-US","@id":"https:\/\/www.bottegaveraorvieto.it\/#\/schema\/logo\/image\/","url":"https:\/\/www.bottegaveraorvieto.it\/wp-content\/uploads\/2023\/09\/40007778_834510616745002_8068869022210326528_n.jpg","contentUrl":"https:\/\/www.bottegaveraorvieto.it\/wp-content\/uploads\/2023\/09\/40007778_834510616745002_8068869022210326528_n.jpg","width":1000,"height":667,"caption":"Bottega V\u00e8ra"},"image":{"@id":"https:\/\/www.bottegaveraorvieto.it\/#\/schema\/logo\/image\/"},"sameAs":["https:\/\/www.facebook.com\/Bottegaveraorvieto\/","https:\/\/www.instagram.com\/bottegaveraorvieto\/"]}]}},"_links":{"self":[{"href":"https:\/\/www.bottegaveraorvieto.it\/en\/wp-json\/wp\/v2\/product\/5420","targetHints":{"allow":["GET"]}}],"collection":[{"href":"https:\/\/www.bottegaveraorvieto.it\/en\/wp-json\/wp\/v2\/product"}],"about":[{"href":"https:\/\/www.bottegaveraorvieto.it\/en\/wp-json\/wp\/v2\/types\/product"}],"version-history":[{"count":0,"href":"https:\/\/www.bottegaveraorvieto.it\/en\/wp-json\/wp\/v2\/product\/5420\/revisions"}],"wp:featuredmedia":[{"embeddable":true,"href":"https:\/\/www.bottegaveraorvieto.it\/en\/wp-json\/wp\/v2\/media\/4969"}],"wp:attachment":[{"href":"https:\/\/www.bottegaveraorvieto.it\/en\/wp-json\/wp\/v2\/media?parent=5420"}],"wp:term":[{"taxonomy":"product_brand","embeddable":true,"href":"https:\/\/www.bottegaveraorvieto.it\/en\/wp-json\/wp\/v2\/product_brand?post=5420"},{"taxonomy":"product_cat","embeddable":true,"href":"https:\/\/www.bottegaveraorvieto.it\/en\/wp-json\/wp\/v2\/product_cat?post=5420"},{"taxonomy":"product_tag","embeddable":true,"href":"https:\/\/www.bottegaveraorvieto.it\/en\/wp-json\/wp\/v2\/product_tag?post=5420"}],"curies":[{"name":"wp","href":"https:\/\/api.w.org\/{rel}","templated":true}]}}