{"id":5482,"date":"2023-08-31T16:25:53","date_gmt":"2023-08-31T14:25:53","guid":{"rendered":"https:\/\/www.bottegaveraorvieto.it\/prodotto\/polvento-2018-barberani\/"},"modified":"2023-08-31T16:25:53","modified_gmt":"2023-08-31T14:25:53","slug":"polvento-2018-barberani","status":"publish","type":"product","link":"https:\/\/www.bottegaveraorvieto.it\/en\/product\/polvento-2018-barberani\/","title":{"rendered":"POLVENTO 2018 &#8211; Barberani"},"content":{"rendered":"<br>\r\n\u00a0\r\n\r\nMassima espressione di un terroir estremamente vocato alla produzione di grandi vini rossi. Questo vigneto nasce, diversi anni or sono, dalla certezza delle elevate potenzialit\u00e0 delle nostre terre. La tipologia di impianto della vigna \u00e8 stata studiata con attenzione assoluta alla qualit\u00e0 del prodotto. L\u2019inerbimento riduce naturalmente la produzione per ettaro, esaltando le caratteristiche organolettiche delle uve. Poniamo grande cura nel selezionare i migliori germogli. I mosti che otteniamo, sono ricchi e fruttati. La loro estrema concentrazione \u00e8 naturale, senza forzature artificiali, nel totale rispetto delle caratteristiche organolettiche delle uve. Polvento \u00e8 simbolo di intensit\u00e0, eleganza ed un\u2019estrema longevit\u00e0.\r\n<br>\r\n\r\n<strong>Estensione vigneto:<\/strong>\r\n2,5 ha circa<br>\r\n\r\n<strong>Esposizione:<\/strong>\r\nNord-Est<br>\r\n\r\n<strong>Altitudine:<\/strong>\r\n200-300 slm<br>\r\n\r\n<strong>Suolo:<\/strong>\r\nSedimentario, con presenza di fossili marini, ciottoli e agglomerati calcarei<br>\r\n\r\n<strong>Sistema di allevamento:<\/strong>\r\nGuyot doppio<br>\r\n\r\n<strong>Densit\u00e0 di impianto:<\/strong>\r\n4.500 ceppi per ettaro<br>\r\n\r\n<strong>Resa per ettaro:<\/strong>\r\n60 qli circa<br>\r\n\r\n<strong>Vendemmia:<\/strong>\r\nManuale<br>\r\n\r\n<strong>Periodo di vendemmia:<\/strong>\r\nSettembre<br>\r\n\r\n<strong>Fermentazione:<\/strong>\r\nCon lieviti autoctoni, in acciaio per 20 giorni<br>\r\n\r\n<strong>Temperatura di fermentazione:<\/strong>\r\n25-30 \u00b0C<br>\r\n\r\n<strong>Fermentazione malolattica:<\/strong>\r\nSpontanea, con batteri indigeni<br>\r\n\r\n<strong>Filtrazione:<\/strong>\r\nNo<br>\r\n\r\n<strong>Agricoltura:<\/strong>\r\nDi ispirazione biodinamica. Nelle nostre vigne non usiamo erbicidi. Non usiamo pesticidi. Le fertilizzazioni sono condotte con preparati biodinamici, interramento dei tralci e sovescio di erbe e leguminose.<br>\r\n\r\n<strong>Et\u00e0 delle viti:<\/strong>\r\n30 anni<br>\r\n\r\n<strong>Colore:<\/strong>\r\nRosso rubino intenso<br>\r\n\r\n<strong>Profumo:<\/strong>\r\nPenetrante, persistente ed allo stesso tempo elegante e fruttato<br>\r\n\r\n<strong>Sapore:<\/strong>\r\nVellutato, avvolgente, di grande corpo e rotondit\u00e0<br>\r\n\r\n<strong>Abbinamento:<\/strong>\r\n\u00c8 ideale l\u2019abbinamento con le carni rosse alla griglia ed allo spiedo, con cacciagione e selvaggina. Ottimo con formaggi duri e stagionati<br>\r\n\r\n<strong>Temperatura di\u00a0servizio:<\/strong>\r\n16-18 \u00b0C","protected":false},"excerpt":{"rendered":"<div>\n<h4>POLVENTO 2018 <br \/> Barberani<\/h4>\n<\/div>\n","protected":false},"featured_media":8645,"template":"","meta":{"_mbp_gutenberg_autopost":false},"product_brand":[],"product_cat":[65],"product_tag":[],"class_list":{"0":"post-5482","1":"product","2":"type-product","3":"status-publish","4":"has-post-thumbnail","6":"product_cat-wines-and-bubbles","8":"first","9":"instock","10":"featured","11":"taxable","12":"shipping-taxable","13":"purchasable","14":"product-type-simple"},"yoast_head":"<!-- This site is optimized with the Yoast SEO plugin v27.3 - https:\/\/yoast.com\/product\/yoast-seo-wordpress\/ -->\n<title>POLVENTO 2018 - Barberani - Bottega Vera Orvieto<\/title>\n<meta name=\"robots\" content=\"index, follow, max-snippet:-1, max-image-preview:large, max-video-preview:-1\" \/>\n<link rel=\"canonical\" href=\"https:\/\/www.bottegaveraorvieto.it\/en\/prodotto\/polvento-2018-barberani\/\" \/>\n<meta property=\"og:locale\" content=\"en_US\" \/>\n<meta property=\"og:type\" content=\"article\" \/>\n<meta property=\"og:title\" content=\"POLVENTO 2018 - Barberani - Bottega Vera Orvieto\" \/>\n<meta property=\"og:description\" content=\"POLVENTO 2018 Barberani\" \/>\n<meta property=\"og:url\" content=\"https:\/\/www.bottegaveraorvieto.it\/en\/prodotto\/polvento-2018-barberani\/\" \/>\n<meta property=\"og:site_name\" content=\"Bottega Vera Orvieto\" \/>\n<meta property=\"article:publisher\" content=\"https:\/\/www.facebook.com\/Bottegaveraorvieto\/\" \/>\n<meta name=\"twitter:card\" content=\"summary_large_image\" \/>\n<meta name=\"twitter:label1\" content=\"Est. reading time\" \/>\n\t<meta name=\"twitter:data1\" content=\"1 minute\" \/>\n<script type=\"application\/ld+json\" class=\"yoast-schema-graph\">{\"@context\":\"https:\\\/\\\/schema.org\",\"@graph\":[{\"@type\":\"WebPage\",\"@id\":\"https:\\\/\\\/www.bottegaveraorvieto.it\\\/en\\\/prodotto\\\/polvento-2018-barberani\\\/\",\"url\":\"https:\\\/\\\/www.bottegaveraorvieto.it\\\/en\\\/prodotto\\\/polvento-2018-barberani\\\/\",\"name\":\"POLVENTO 2018 - Barberani - Bottega Vera Orvieto\",\"isPartOf\":{\"@id\":\"https:\\\/\\\/www.bottegaveraorvieto.it\\\/#website\"},\"primaryImageOfPage\":{\"@id\":\"https:\\\/\\\/www.bottegaveraorvieto.it\\\/en\\\/prodotto\\\/polvento-2018-barberani\\\/#primaryimage\"},\"image\":{\"@id\":\"https:\\\/\\\/www.bottegaveraorvieto.it\\\/en\\\/prodotto\\\/polvento-2018-barberani\\\/#primaryimage\"},\"thumbnailUrl\":\"https:\\\/\\\/www.bottegaveraorvieto.it\\\/wp-content\\\/uploads\\\/2023\\\/08\\\/Polventobarberani_1024x1024@2x.webp\",\"datePublished\":\"2023-08-31T14:25:53+00:00\",\"breadcrumb\":{\"@id\":\"https:\\\/\\\/www.bottegaveraorvieto.it\\\/en\\\/prodotto\\\/polvento-2018-barberani\\\/#breadcrumb\"},\"inLanguage\":\"en-US\",\"potentialAction\":[{\"@type\":\"ReadAction\",\"target\":[\"https:\\\/\\\/www.bottegaveraorvieto.it\\\/en\\\/prodotto\\\/polvento-2018-barberani\\\/\"]}]},{\"@type\":\"ImageObject\",\"inLanguage\":\"en-US\",\"@id\":\"https:\\\/\\\/www.bottegaveraorvieto.it\\\/en\\\/prodotto\\\/polvento-2018-barberani\\\/#primaryimage\",\"url\":\"https:\\\/\\\/www.bottegaveraorvieto.it\\\/wp-content\\\/uploads\\\/2023\\\/08\\\/Polventobarberani_1024x1024@2x.webp\",\"contentUrl\":\"https:\\\/\\\/www.bottegaveraorvieto.it\\\/wp-content\\\/uploads\\\/2023\\\/08\\\/Polventobarberani_1024x1024@2x.webp\",\"width\":1080,\"height\":1920},{\"@type\":\"BreadcrumbList\",\"@id\":\"https:\\\/\\\/www.bottegaveraorvieto.it\\\/en\\\/prodotto\\\/polvento-2018-barberani\\\/#breadcrumb\",\"itemListElement\":[{\"@type\":\"ListItem\",\"position\":1,\"name\":\"Home\",\"item\":\"https:\\\/\\\/www.bottegaveraorvieto.it\\\/en\\\/\"},{\"@type\":\"ListItem\",\"position\":2,\"name\":\"POLVENTO 2018 &#8211; Barberani\"}]},{\"@type\":\"WebSite\",\"@id\":\"https:\\\/\\\/www.bottegaveraorvieto.it\\\/#website\",\"url\":\"https:\\\/\\\/www.bottegaveraorvieto.it\\\/\",\"name\":\"Bottega Vera Orvieto\",\"description\":\"\",\"publisher\":{\"@id\":\"https:\\\/\\\/www.bottegaveraorvieto.it\\\/#organization\"},\"potentialAction\":[{\"@type\":\"SearchAction\",\"target\":{\"@type\":\"EntryPoint\",\"urlTemplate\":\"https:\\\/\\\/www.bottegaveraorvieto.it\\\/?s={search_term_string}\"},\"query-input\":{\"@type\":\"PropertyValueSpecification\",\"valueRequired\":true,\"valueName\":\"search_term_string\"}}],\"inLanguage\":\"en-US\"},{\"@type\":\"Organization\",\"@id\":\"https:\\\/\\\/www.bottegaveraorvieto.it\\\/#organization\",\"name\":\"Bottega V\u00e8ra\",\"url\":\"https:\\\/\\\/www.bottegaveraorvieto.it\\\/\",\"logo\":{\"@type\":\"ImageObject\",\"inLanguage\":\"en-US\",\"@id\":\"https:\\\/\\\/www.bottegaveraorvieto.it\\\/#\\\/schema\\\/logo\\\/image\\\/\",\"url\":\"https:\\\/\\\/www.bottegaveraorvieto.it\\\/wp-content\\\/uploads\\\/2023\\\/09\\\/40007778_834510616745002_8068869022210326528_n.jpg\",\"contentUrl\":\"https:\\\/\\\/www.bottegaveraorvieto.it\\\/wp-content\\\/uploads\\\/2023\\\/09\\\/40007778_834510616745002_8068869022210326528_n.jpg\",\"width\":1000,\"height\":667,\"caption\":\"Bottega V\u00e8ra\"},\"image\":{\"@id\":\"https:\\\/\\\/www.bottegaveraorvieto.it\\\/#\\\/schema\\\/logo\\\/image\\\/\"},\"sameAs\":[\"https:\\\/\\\/www.facebook.com\\\/Bottegaveraorvieto\\\/\",\"https:\\\/\\\/www.instagram.com\\\/bottegaveraorvieto\\\/\"]}]}<\/script>\n<!-- \/ Yoast SEO plugin. -->","yoast_head_json":{"title":"POLVENTO 2018 - Barberani - Bottega Vera Orvieto","robots":{"index":"index","follow":"follow","max-snippet":"max-snippet:-1","max-image-preview":"max-image-preview:large","max-video-preview":"max-video-preview:-1"},"canonical":"https:\/\/www.bottegaveraorvieto.it\/en\/prodotto\/polvento-2018-barberani\/","og_locale":"en_US","og_type":"article","og_title":"POLVENTO 2018 - Barberani - Bottega Vera Orvieto","og_description":"POLVENTO 2018 Barberani","og_url":"https:\/\/www.bottegaveraorvieto.it\/en\/prodotto\/polvento-2018-barberani\/","og_site_name":"Bottega Vera Orvieto","article_publisher":"https:\/\/www.facebook.com\/Bottegaveraorvieto\/","twitter_card":"summary_large_image","twitter_misc":{"Est. reading time":"1 minute"},"schema":{"@context":"https:\/\/schema.org","@graph":[{"@type":"WebPage","@id":"https:\/\/www.bottegaveraorvieto.it\/en\/prodotto\/polvento-2018-barberani\/","url":"https:\/\/www.bottegaveraorvieto.it\/en\/prodotto\/polvento-2018-barberani\/","name":"POLVENTO 2018 - Barberani - Bottega Vera Orvieto","isPartOf":{"@id":"https:\/\/www.bottegaveraorvieto.it\/#website"},"primaryImageOfPage":{"@id":"https:\/\/www.bottegaveraorvieto.it\/en\/prodotto\/polvento-2018-barberani\/#primaryimage"},"image":{"@id":"https:\/\/www.bottegaveraorvieto.it\/en\/prodotto\/polvento-2018-barberani\/#primaryimage"},"thumbnailUrl":"https:\/\/www.bottegaveraorvieto.it\/wp-content\/uploads\/2023\/08\/Polventobarberani_1024x1024@2x.webp","datePublished":"2023-08-31T14:25:53+00:00","breadcrumb":{"@id":"https:\/\/www.bottegaveraorvieto.it\/en\/prodotto\/polvento-2018-barberani\/#breadcrumb"},"inLanguage":"en-US","potentialAction":[{"@type":"ReadAction","target":["https:\/\/www.bottegaveraorvieto.it\/en\/prodotto\/polvento-2018-barberani\/"]}]},{"@type":"ImageObject","inLanguage":"en-US","@id":"https:\/\/www.bottegaveraorvieto.it\/en\/prodotto\/polvento-2018-barberani\/#primaryimage","url":"https:\/\/www.bottegaveraorvieto.it\/wp-content\/uploads\/2023\/08\/Polventobarberani_1024x1024@2x.webp","contentUrl":"https:\/\/www.bottegaveraorvieto.it\/wp-content\/uploads\/2023\/08\/Polventobarberani_1024x1024@2x.webp","width":1080,"height":1920},{"@type":"BreadcrumbList","@id":"https:\/\/www.bottegaveraorvieto.it\/en\/prodotto\/polvento-2018-barberani\/#breadcrumb","itemListElement":[{"@type":"ListItem","position":1,"name":"Home","item":"https:\/\/www.bottegaveraorvieto.it\/en\/"},{"@type":"ListItem","position":2,"name":"POLVENTO 2018 &#8211; Barberani"}]},{"@type":"WebSite","@id":"https:\/\/www.bottegaveraorvieto.it\/#website","url":"https:\/\/www.bottegaveraorvieto.it\/","name":"Bottega Vera Orvieto","description":"","publisher":{"@id":"https:\/\/www.bottegaveraorvieto.it\/#organization"},"potentialAction":[{"@type":"SearchAction","target":{"@type":"EntryPoint","urlTemplate":"https:\/\/www.bottegaveraorvieto.it\/?s={search_term_string}"},"query-input":{"@type":"PropertyValueSpecification","valueRequired":true,"valueName":"search_term_string"}}],"inLanguage":"en-US"},{"@type":"Organization","@id":"https:\/\/www.bottegaveraorvieto.it\/#organization","name":"Bottega V\u00e8ra","url":"https:\/\/www.bottegaveraorvieto.it\/","logo":{"@type":"ImageObject","inLanguage":"en-US","@id":"https:\/\/www.bottegaveraorvieto.it\/#\/schema\/logo\/image\/","url":"https:\/\/www.bottegaveraorvieto.it\/wp-content\/uploads\/2023\/09\/40007778_834510616745002_8068869022210326528_n.jpg","contentUrl":"https:\/\/www.bottegaveraorvieto.it\/wp-content\/uploads\/2023\/09\/40007778_834510616745002_8068869022210326528_n.jpg","width":1000,"height":667,"caption":"Bottega V\u00e8ra"},"image":{"@id":"https:\/\/www.bottegaveraorvieto.it\/#\/schema\/logo\/image\/"},"sameAs":["https:\/\/www.facebook.com\/Bottegaveraorvieto\/","https:\/\/www.instagram.com\/bottegaveraorvieto\/"]}]}},"_links":{"self":[{"href":"https:\/\/www.bottegaveraorvieto.it\/en\/wp-json\/wp\/v2\/product\/5482","targetHints":{"allow":["GET"]}}],"collection":[{"href":"https:\/\/www.bottegaveraorvieto.it\/en\/wp-json\/wp\/v2\/product"}],"about":[{"href":"https:\/\/www.bottegaveraorvieto.it\/en\/wp-json\/wp\/v2\/types\/product"}],"version-history":[{"count":0,"href":"https:\/\/www.bottegaveraorvieto.it\/en\/wp-json\/wp\/v2\/product\/5482\/revisions"}],"wp:featuredmedia":[{"embeddable":true,"href":"https:\/\/www.bottegaveraorvieto.it\/en\/wp-json\/wp\/v2\/media\/8645"}],"wp:attachment":[{"href":"https:\/\/www.bottegaveraorvieto.it\/en\/wp-json\/wp\/v2\/media?parent=5482"}],"wp:term":[{"taxonomy":"product_brand","embeddable":true,"href":"https:\/\/www.bottegaveraorvieto.it\/en\/wp-json\/wp\/v2\/product_brand?post=5482"},{"taxonomy":"product_cat","embeddable":true,"href":"https:\/\/www.bottegaveraorvieto.it\/en\/wp-json\/wp\/v2\/product_cat?post=5482"},{"taxonomy":"product_tag","embeddable":true,"href":"https:\/\/www.bottegaveraorvieto.it\/en\/wp-json\/wp\/v2\/product_tag?post=5482"}],"curies":[{"name":"wp","href":"https:\/\/api.w.org\/{rel}","templated":true}]}}